{"id":13841,"date":"2019-06-05T10:00:41","date_gmt":"2019-06-05T14:00:41","guid":{"rendered":"http:\/\/www.colegioiac.cl\/2019\/?page_id=13841"},"modified":"2025-06-17T22:14:40","modified_gmt":"2025-06-18T02:14:40","slug":"quienes-somos-2","status":"publish","type":"page","link":"https:\/\/www.colegioiac.cl\/?page_id=13841","title":{"rendered":"Equipo Directivo"},"content":{"rendered":"<p>[et_pb_section fb_built=\u00bb1&#8243; inner_shadow=\u00bbon\u00bb _builder_version=\u00bb4.27.0&#8243; _module_preset=\u00bbdefault\u00bb background_color=\u00bb#FFFFFF\u00bb background_image=\u00bbhttps:\/\/colegioiac.cl\/wp-content\/uploads\/2024\/10\/WhatsApp-Image-2024-10-02-at-18.56.12-1.jpeg\u00bb parallax=\u00bbon\u00bb parallax_method=\u00bboff\u00bb background_blend=\u00bboverlay\u00bb height=\u00bb300px\u00bb max_height=\u00bb300px\u00bb custom_margin=\u00bb||||false|false\u00bb custom_padding=\u00bb||||false|false\u00bb global_colors_info=\u00bb{}\u00bb][\/et_pb_section][et_pb_section fb_built=\u00bb1&#8243; prev_background_color=\u00bb#FFFFFF\u00bb admin_label=\u00bbTeam\u00bb _builder_version=\u00bb4.27.0&#8243; _module_preset=\u00bbdefault\u00bb background_color=\u00bb#2C426A\u00bb top_divider_style=\u00bbgraph4&#8243; top_divider_style_tablet=\u00bbgraph4&#8243; top_divider_style_phone=\u00bbnone\u00bb top_divider_style_last_edited=\u00bbon|phone\u00bb bottom_divider_style=\u00bbgraph4&#8243; bottom_divider_color=\u00bb#FFFFFF\u00bb locked=\u00bboff\u00bb collapsed=\u00bbon\u00bb global_colors_info=\u00bb{}\u00bb][et_pb_row _builder_version=\u00bb4.27.0&#8243; _module_preset=\u00bb5138c454-be54-4233-bd3b-f8e6a8747976&#8243; custom_margin=\u00bb50px||||false|false\u00bb locked=\u00bboff\u00bb global_colors_info=\u00bb{}\u00bb][et_pb_column type=\u00bb4_4&#8243; _builder_version=\u00bb4.17.1&#8243; _module_preset=\u00bb73121f80-a3ef-4484-8763-c3f18e3c56d2&#8243; global_colors_info=\u00bb{}\u00bb][et_pb_heading title=\u00bbNuestro Equipo directivo\u00bb _builder_version=\u00bb4.27.0&#8243; _module_preset=\u00bbc33f07d9-41e0-421a-8799-5799df695cce\u00bb title_level=\u00bbh2&#8243; title_font=\u00bbRaleway|Playfair Display_weight|||||||\u00bb title_text_align=\u00bbcenter\u00bb title_text_color=\u00bb#FFFFFF\u00bb title_font_size=\u00bb35px\u00bb title_line_height=\u00bb1.2em\u00bb custom_margin=\u00bb||10px||false|false\u00bb title_font_size_tablet=\u00bb28px\u00bb title_font_size_phone=\u00bb22px\u00bb title_font_size_last_edited=\u00bbon|phone\u00bb text_shadow_style=\u00bbpreset1&#8243; global_colors_info=\u00bb{}\u00bb][\/et_pb_heading][\/et_pb_column][\/et_pb_row][et_pb_row column_structure=\u00bb1_4,1_4,1_4,1_4&#8243; _builder_version=\u00bb4.27.0&#8243; _module_preset=\u00bb5138c454-be54-4233-bd3b-f8e6a8747976&#8243; global_colors_info=\u00bb{}\u00bb][et_pb_column type=\u00bb1_4&#8243; _builder_version=\u00bb4.17.2&#8243; _module_preset=\u00bb73121f80-a3ef-4484-8763-c3f18e3c56d2&#8243; global_colors_info=\u00bb{}\u00bb][et_pb_team_member name=\u00bbMarisela Fern\u00e1ndez Zapata\u00bb position=\u00bbDirectora \u00bb image_url=\u00bbhttps:\/\/colegioiac.cl\/wp-content\/uploads\/2024\/12\/Foto-Directora.png\u00bb icon_color=\u00bb#f25c54&#8243; _builder_version=\u00bb4.27.4&#8243; _module_preset=\u00bbd72acfcc-77a9-4562-9787-281e412bdede\u00bb header_font=\u00bbRaleway|Playfair Display_weight|||||||\u00bb header_text_color=\u00bb#FFFFFF\u00bb header_font_size=\u00bb18px\u00bb header_line_height=\u00bb1.3em\u00bb body_font=\u00bbTimes New Roman|500|||||||\u00bb body_text_color=\u00bb#2C426A\u00bb body_font_size=\u00bb17px\u00bb body_line_height=\u00bb1.75em\u00bb position_font=\u00bbTimes New Roman|Source Sans Pro_weight|||||||\u00bb position_text_color=\u00bb#858587&#8243; position_font_size=\u00bb17px\u00bb body_link_text_color=\u00bb#f25c54&#8243; text_orientation=\u00bbcenter\u00bb header_font_size_tablet=\u00bb18px\u00bb header_font_size_phone=\u00bb15px\u00bb header_font_size_last_edited=\u00bbon|phone\u00bb body_font_size_tablet=\u00bb15px\u00bb body_font_size_phone=\u00bb14px\u00bb body_font_size_last_edited=\u00bbon|tablet\u00bb custom_css_member_image=\u00bbmargin: 0 auto 20px;\u00bb header_text_shadow_style=\u00bbpreset1&#8243; border_radii=\u00bbon|6px|6px|6px|6px\u00bb border_radii_image=\u00bbon|400px|400px|400px|400px\u00bb locked=\u00bboff\u00bb global_colors_info=\u00bb{%22gcid-36fd78a7-34bc-404d-873c-dafa34efaae5%22:%91%22icon_color%22,%22icon_color%22,%22icon_color%22,%22icon_color%22,%22icon_color%22,%22icon_color%22,%22icon_color%22,%22icon_color%22,%22icon_color%22,%22icon_color%22%93,%22gcid-7cadd8b3-5228-48e4-90c4-212d09232f7b%22:%91%22header_text_color%22,%22header_text_color%22,%22header_text_color%22%93,%22gcid-79b39b81-644f-4ab7-865f-b460373c4fde%22:%91%22position_text_color%22%93}\u00bb][\/et_pb_team_member][\/et_pb_column][et_pb_column type=\u00bb1_4&#8243; _builder_version=\u00bb4.17.2&#8243; _module_preset=\u00bb73121f80-a3ef-4484-8763-c3f18e3c56d2&#8243; global_colors_info=\u00bb{}\u00bb][et_pb_team_member name=\u00bbJuan Carlos Castro Mancilla\u00bb position=\u00bbSub Director de Operaciones\u00bb image_url=\u00bbhttps:\/\/colegioiac.cl\/wp-content\/uploads\/2024\/11\/Juan-Carlos-Castro-1-scaled.jpg\u00bb icon_color=\u00bb#f25c54&#8243; _builder_version=\u00bb4.27.4&#8243; _module_preset=\u00bbd72acfcc-77a9-4562-9787-281e412bdede\u00bb header_font=\u00bbRaleway|Playfair Display_weight|||||||\u00bb header_text_color=\u00bb#FFFFFF\u00bb header_font_size=\u00bb18px\u00bb header_line_height=\u00bb1.3em\u00bb body_font=\u00bbTimes New Roman|500|||||||\u00bb body_text_color=\u00bb#2C426A\u00bb body_font_size=\u00bb17px\u00bb body_line_height=\u00bb1.75em\u00bb position_font=\u00bbTimes New Roman|Source Sans Pro_weight|||||||\u00bb position_text_color=\u00bb#858587&#8243; position_font_size=\u00bb17px\u00bb body_link_text_color=\u00bb#f25c54&#8243; text_orientation=\u00bbcenter\u00bb hover_enabled=\u00bb0&#8243; header_font_size_tablet=\u00bb18px\u00bb header_font_size_phone=\u00bb15px\u00bb header_font_size_last_edited=\u00bbon|phone\u00bb body_font_size_tablet=\u00bb15px\u00bb body_font_size_phone=\u00bb14px\u00bb body_font_size_last_edited=\u00bbon|tablet\u00bb custom_css_member_image=\u00bbmargin: 0 auto 20px;\u00bb header_text_shadow_style=\u00bbpreset1&#8243; border_radii=\u00bbon|6px|6px|6px|6px\u00bb border_radii_image=\u00bbon|400px|400px|400px|400px\u00bb locked=\u00bboff\u00bb global_colors_info=\u00bb{%22gcid-36fd78a7-34bc-404d-873c-dafa34efaae5%22:%91%22icon_color%22,%22icon_color%22,%22icon_color%22,%22icon_color%22,%22icon_color%22,%22icon_color%22,%22icon_color%22,%22icon_color%22,%22icon_color%22,%22icon_color%22,%22icon_color%22,%22icon_color%22,%22icon_color%22,%22icon_color%22,%22icon_color%22,%22icon_color%22,%22icon_color%22,%22icon_color%22,%22icon_color%22,%22icon_color%22,%22icon_color%22,%22icon_color%22,%22icon_color%22,%22icon_color%22,%22icon_color%22,%22icon_color%22,%22icon_color%22,%22icon_color%22,%22icon_color%22,%22icon_color%22%93,%22gcid-7cadd8b3-5228-48e4-90c4-212d09232f7b%22:%91%22header_text_color%22,%22header_text_color%22,%22header_text_color%22,%22header_text_color%22,%22header_text_color%22,%22header_text_color%22,%22header_text_color%22,%22header_text_color%22,%22header_text_color%22%93,%22gcid-79b39b81-644f-4ab7-865f-b460373c4fde%22:%91%22position_text_color%22,%22position_text_color%22,%22position_text_color%22%93}\u00bb sticky_enabled=\u00bb0&#8243;]<\/p>\n<p>&nbsp;<\/p>\n<p>&nbsp;<\/p>\n<p>&nbsp;<\/p>\n<p>[\/et_pb_team_member][\/et_pb_column][et_pb_column type=\u00bb1_4&#8243; _builder_version=\u00bb4.17.2&#8243; _module_preset=\u00bb73121f80-a3ef-4484-8763-c3f18e3c56d2&#8243; global_colors_info=\u00bb{}\u00bb][et_pb_team_member name=\u00bbGonzalo Benito \u00c1lvarez Paz\u00bb position=\u00bbSub Director de Normativas\u00bb image_url=\u00bbhttps:\/\/colegioiac.cl\/wp-content\/uploads\/2024\/11\/Gonzalo-Alvarez-3-scaled.jpg\u00bb icon_color=\u00bb#f25c54&#8243; _builder_version=\u00bb4.27.4&#8243; _module_preset=\u00bbd72acfcc-77a9-4562-9787-281e412bdede\u00bb header_font=\u00bbRaleway|Playfair Display_weight|||||||\u00bb header_text_color=\u00bb#FFFFFF\u00bb header_font_size=\u00bb18px\u00bb header_line_height=\u00bb1.3em\u00bb body_font=\u00bbTimes New Roman|500|||||||\u00bb body_text_color=\u00bb#2C426A\u00bb body_font_size=\u00bb17px\u00bb body_line_height=\u00bb1.75em\u00bb position_font=\u00bbTimes New Roman|Source Sans Pro_weight|||||||\u00bb position_text_color=\u00bb#858587&#8243; position_font_size=\u00bb17px\u00bb body_link_text_color=\u00bb#f25c54&#8243; text_orientation=\u00bbcenter\u00bb hover_enabled=\u00bb0&#8243; header_font_size_tablet=\u00bb18px\u00bb header_font_size_phone=\u00bb15px\u00bb header_font_size_last_edited=\u00bbon|phone\u00bb body_font_size_tablet=\u00bb15px\u00bb body_font_size_phone=\u00bb14px\u00bb body_font_size_last_edited=\u00bbon|tablet\u00bb custom_css_member_image=\u00bbmargin: 0 auto 20px;\u00bb header_text_shadow_style=\u00bbpreset1&#8243; border_radii=\u00bbon|6px|6px|6px|6px\u00bb border_radii_image=\u00bbon|400px|400px|400px|400px\u00bb locked=\u00bboff\u00bb global_colors_info=\u00bb{%22gcid-36fd78a7-34bc-404d-873c-dafa34efaae5%22:%91%22icon_color%22,%22icon_color%22,%22icon_color%22,%22icon_color%22,%22icon_color%22,%22icon_color%22,%22icon_color%22,%22icon_color%22,%22icon_color%22,%22icon_color%22,%22icon_color%22,%22icon_color%22,%22icon_color%22,%22icon_color%22,%22icon_color%22,%22icon_color%22,%22icon_color%22,%22icon_color%22,%22icon_color%22,%22icon_color%22,%22icon_color%22,%22icon_color%22,%22icon_color%22,%22icon_color%22,%22icon_color%22,%22icon_color%22,%22icon_color%22,%22icon_color%22,%22icon_color%22,%22icon_color%22,%22icon_color%22,%22icon_color%22,%22icon_color%22,%22icon_color%22,%22icon_color%22,%22icon_color%22,%22icon_color%22,%22icon_color%22,%22icon_color%22,%22icon_color%22%93,%22gcid-7cadd8b3-5228-48e4-90c4-212d09232f7b%22:%91%22header_text_color%22,%22header_text_color%22,%22header_text_color%22,%22header_text_color%22,%22header_text_color%22,%22header_text_color%22,%22header_text_color%22,%22header_text_color%22,%22header_text_color%22,%22header_text_color%22,%22header_text_color%22,%22header_text_color%22%93,%22gcid-79b39b81-644f-4ab7-865f-b460373c4fde%22:%91%22position_text_color%22,%22position_text_color%22,%22position_text_color%22,%22position_text_color%22%93}\u00bb sticky_enabled=\u00bb0&#8243;][\/et_pb_team_member][\/et_pb_column][et_pb_column type=\u00bb1_4&#8243; _builder_version=\u00bb4.17.2&#8243; _module_preset=\u00bb73121f80-a3ef-4484-8763-c3f18e3c56d2&#8243; global_colors_info=\u00bb{}\u00bb][et_pb_team_member name=\u00bbSusana Campos Montenegro\u00bb position=\u00bbDirectora de Formaci\u00f3n\u00bb image_url=\u00bbhttps:\/\/colegioiac.cl\/wp-content\/uploads\/2024\/11\/Susana-Campos-1-scaled.jpg\u00bb icon_color=\u00bb#f25c54&#8243; _builder_version=\u00bb4.27.4&#8243; _module_preset=\u00bbd72acfcc-77a9-4562-9787-281e412bdede\u00bb header_font=\u00bbRaleway|Playfair Display_weight|||||||\u00bb header_text_color=\u00bb#FFFFFF\u00bb header_font_size=\u00bb18px\u00bb header_line_height=\u00bb1.3em\u00bb body_font=\u00bbTimes New Roman|500|||||||\u00bb body_text_color=\u00bb#2C426A\u00bb body_font_size=\u00bb17px\u00bb body_line_height=\u00bb1.75em\u00bb position_font=\u00bbTimes New Roman|Source Sans Pro_weight|||||||\u00bb position_text_color=\u00bb#858587&#8243; position_font_size=\u00bb17px\u00bb body_link_text_color=\u00bb#f25c54&#8243; text_orientation=\u00bbcenter\u00bb hover_enabled=\u00bb0&#8243; header_font_size_tablet=\u00bb18px\u00bb header_font_size_phone=\u00bb15px\u00bb header_font_size_last_edited=\u00bbon|phone\u00bb body_font_size_tablet=\u00bb15px\u00bb body_font_size_phone=\u00bb14px\u00bb body_font_size_last_edited=\u00bbon|tablet\u00bb custom_css_member_image=\u00bbmargin: 0 auto 20px;\u00bb header_text_shadow_style=\u00bbpreset1&#8243; border_radii=\u00bbon|6px|6px|6px|6px\u00bb border_radii_image=\u00bbon|400px|400px|400px|400px\u00bb locked=\u00bboff\u00bb global_colors_info=\u00bb{%22gcid-36fd78a7-34bc-404d-873c-dafa34efaae5%22:%91%22icon_color%22,%22icon_color%22,%22icon_color%22,%22icon_color%22,%22icon_color%22,%22icon_color%22,%22icon_color%22,%22icon_color%22,%22icon_color%22,%22icon_color%22,%22icon_color%22,%22icon_color%22,%22icon_color%22,%22icon_color%22,%22icon_color%22,%22icon_color%22,%22icon_color%22,%22icon_color%22,%22icon_color%22,%22icon_color%22,%22icon_color%22,%22icon_color%22,%22icon_color%22,%22icon_color%22,%22icon_color%22,%22icon_color%22,%22icon_color%22,%22icon_color%22,%22icon_color%22,%22icon_color%22,%22icon_color%22,%22icon_color%22,%22icon_color%22,%22icon_color%22,%22icon_color%22,%22icon_color%22,%22icon_color%22,%22icon_color%22,%22icon_color%22,%22icon_color%22%93,%22gcid-7cadd8b3-5228-48e4-90c4-212d09232f7b%22:%91%22header_text_color%22,%22header_text_color%22,%22header_text_color%22,%22header_text_color%22,%22header_text_color%22,%22header_text_color%22,%22header_text_color%22,%22header_text_color%22,%22header_text_color%22,%22header_text_color%22,%22header_text_color%22,%22header_text_color%22%93,%22gcid-79b39b81-644f-4ab7-865f-b460373c4fde%22:%91%22position_text_color%22,%22position_text_color%22,%22position_text_color%22,%22position_text_color%22%93}\u00bb sticky_enabled=\u00bb0&#8243;][\/et_pb_team_member][\/et_pb_column][\/et_pb_row][et_pb_row column_structure=\u00bb1_3,1_3,1_3&#8243; use_custom_gutter=\u00bbon\u00bb gutter_width=\u00bb4&#8243; make_equal=\u00bbon\u00bb _builder_version=\u00bb4.27.0&#8243; _module_preset=\u00bb5138c454-be54-4233-bd3b-f8e6a8747976&#8243; width=\u00bb60%\u00bb global_colors_info=\u00bb{}\u00bb][et_pb_column type=\u00bb1_3&#8243; _builder_version=\u00bb4.17.2&#8243; _module_preset=\u00bb73121f80-a3ef-4484-8763-c3f18e3c56d2&#8243; global_colors_info=\u00bb{}\u00bb][et_pb_team_member name=\u00bbSol Escobar Dapremont\u00bb position=\u00bbSub Directora de Educaci\u00f3n B\u00e1sica\u00bb image_url=\u00bbhttps:\/\/colegioiac.cl\/wp-content\/uploads\/2024\/11\/Sol-Escobar-1-scaled.jpg\u00bb icon_color=\u00bb#f25c54&#8243; _builder_version=\u00bb4.27.4&#8243; _module_preset=\u00bbd72acfcc-77a9-4562-9787-281e412bdede\u00bb header_font=\u00bbRaleway|Playfair Display_weight|||||||\u00bb header_text_color=\u00bb#FFFFFF\u00bb header_font_size=\u00bb18px\u00bb header_line_height=\u00bb1.3em\u00bb body_font=\u00bbTimes New Roman|500|||||||\u00bb body_text_color=\u00bb#2C426A\u00bb body_font_size=\u00bb17px\u00bb body_line_height=\u00bb1.75em\u00bb position_font=\u00bbTimes New Roman|Source Sans Pro_weight|||||||\u00bb position_text_color=\u00bb#858587&#8243; position_font_size=\u00bb17px\u00bb body_link_text_color=\u00bb#f25c54&#8243; text_orientation=\u00bbcenter\u00bb hover_enabled=\u00bb0&#8243; header_font_size_tablet=\u00bb18px\u00bb header_font_size_phone=\u00bb15px\u00bb header_font_size_last_edited=\u00bbon|phone\u00bb body_font_size_tablet=\u00bb15px\u00bb body_font_size_phone=\u00bb14px\u00bb body_font_size_last_edited=\u00bbon|tablet\u00bb custom_css_member_image=\u00bbmargin: 0 auto 20px;\u00bb header_text_shadow_style=\u00bbpreset1&#8243; border_radii=\u00bbon|6px|6px|6px|6px\u00bb border_radii_image=\u00bbon|400px|400px|400px|400px\u00bb locked=\u00bboff\u00bb global_colors_info=\u00bb{%22gcid-36fd78a7-34bc-404d-873c-dafa34efaae5%22:%91%22icon_color%22,%22icon_color%22,%22icon_color%22,%22icon_color%22,%22icon_color%22,%22icon_color%22,%22icon_color%22,%22icon_color%22,%22icon_color%22,%22icon_color%22,%22icon_color%22,%22icon_color%22,%22icon_color%22,%22icon_color%22,%22icon_color%22,%22icon_color%22,%22icon_color%22,%22icon_color%22,%22icon_color%22,%22icon_color%22,%22icon_color%22,%22icon_color%22,%22icon_color%22,%22icon_color%22,%22icon_color%22,%22icon_color%22,%22icon_color%22,%22icon_color%22,%22icon_color%22,%22icon_color%22%93,%22gcid-7cadd8b3-5228-48e4-90c4-212d09232f7b%22:%91%22header_text_color%22,%22header_text_color%22,%22header_text_color%22,%22header_text_color%22,%22header_text_color%22,%22header_text_color%22,%22header_text_color%22,%22header_text_color%22,%22header_text_color%22%93,%22gcid-79b39b81-644f-4ab7-865f-b460373c4fde%22:%91%22position_text_color%22,%22position_text_color%22,%22position_text_color%22%93}\u00bb sticky_enabled=\u00bb0&#8243;][\/et_pb_team_member][\/et_pb_column][et_pb_column type=\u00bb1_3&#8243; _builder_version=\u00bb4.17.2&#8243; _module_preset=\u00bb73121f80-a3ef-4484-8763-c3f18e3c56d2&#8243; global_colors_info=\u00bb{}\u00bb][et_pb_team_member name=\u00bbMar\u00eda Catalina Pavez\u00bb position=\u00bbSub Directora de Educaci\u00f3n Media\u00bb image_url=\u00bbhttps:\/\/www.colegioiac.cl\/wp-content\/uploads\/2025\/05\/Maria-Catalina-1.jpg\u00bb icon_color=\u00bb#f25c54&#8243; _builder_version=\u00bb4.27.4&#8243; _module_preset=\u00bbd72acfcc-77a9-4562-9787-281e412bdede\u00bb header_font=\u00bbRaleway|Playfair Display_weight|||||||\u00bb header_text_color=\u00bb#FFFFFF\u00bb header_font_size=\u00bb18px\u00bb header_line_height=\u00bb1.3em\u00bb body_font=\u00bbTimes New Roman|500|||||||\u00bb body_text_color=\u00bb#2C426A\u00bb body_font_size=\u00bb17px\u00bb body_line_height=\u00bb1.75em\u00bb position_font=\u00bbTimes New Roman|Source Sans Pro_weight|||||||\u00bb position_text_color=\u00bb#858587&#8243; position_font_size=\u00bb17px\u00bb body_link_text_color=\u00bb#f25c54&#8243; text_orientation=\u00bbcenter\u00bb hover_enabled=\u00bb0&#8243; header_font_size_tablet=\u00bb18px\u00bb header_font_size_phone=\u00bb15px\u00bb header_font_size_last_edited=\u00bbon|phone\u00bb body_font_size_tablet=\u00bb15px\u00bb body_font_size_phone=\u00bb14px\u00bb body_font_size_last_edited=\u00bbon|tablet\u00bb custom_css_member_image=\u00bbmargin: 0 auto 20px;\u00bb header_text_shadow_style=\u00bbpreset1&#8243; border_radii=\u00bbon|6px|6px|6px|6px\u00bb border_radii_image=\u00bbon|400px|400px|400px|400px\u00bb locked=\u00bboff\u00bb global_colors_info=\u00bb{%22gcid-36fd78a7-34bc-404d-873c-dafa34efaae5%22:%91%22icon_color%22,%22icon_color%22,%22icon_color%22,%22icon_color%22,%22icon_color%22,%22icon_color%22,%22icon_color%22,%22icon_color%22,%22icon_color%22,%22icon_color%22,%22icon_color%22,%22icon_color%22,%22icon_color%22,%22icon_color%22,%22icon_color%22,%22icon_color%22,%22icon_color%22,%22icon_color%22,%22icon_color%22,%22icon_color%22,%22icon_color%22,%22icon_color%22,%22icon_color%22,%22icon_color%22,%22icon_color%22,%22icon_color%22,%22icon_color%22,%22icon_color%22,%22icon_color%22,%22icon_color%22%93,%22gcid-7cadd8b3-5228-48e4-90c4-212d09232f7b%22:%91%22header_text_color%22,%22header_text_color%22,%22header_text_color%22,%22header_text_color%22,%22header_text_color%22,%22header_text_color%22,%22header_text_color%22,%22header_text_color%22,%22header_text_color%22%93,%22gcid-79b39b81-644f-4ab7-865f-b460373c4fde%22:%91%22position_text_color%22,%22position_text_color%22,%22position_text_color%22%93}\u00bb sticky_enabled=\u00bb0&#8243;]<\/p>\n<p>&nbsp;<\/p>\n<p>&nbsp;<\/p>\n<p>&nbsp;<\/p>\n<p>[\/et_pb_team_member][\/et_pb_column][et_pb_column type=\u00bb1_3&#8243; _builder_version=\u00bb4.17.2&#8243; _module_preset=\u00bb73121f80-a3ef-4484-8763-c3f18e3c56d2&#8243; global_colors_info=\u00bb{}\u00bb][et_pb_team_member name=\u00bbMar\u00eda Jos\u00e9 Villalobos Le\u00f3n\u00bb position=\u00bbJefa de Administraci\u00f3n y Finanza\u00bb image_url=\u00bbhttps:\/\/colegioiac.cl\/wp-content\/uploads\/2024\/11\/Maria-Jose-Villalobos-1-scaled.jpg\u00bb icon_color=\u00bb#f25c54&#8243; _builder_version=\u00bb4.27.4&#8243; _module_preset=\u00bbd72acfcc-77a9-4562-9787-281e412bdede\u00bb header_font=\u00bbRaleway|Playfair Display_weight|||||||\u00bb header_text_color=\u00bb#FFFFFF\u00bb header_font_size=\u00bb18px\u00bb header_line_height=\u00bb1.3em\u00bb body_font=\u00bbTimes New Roman|500|||||||\u00bb body_text_color=\u00bb#2C426A\u00bb body_font_size=\u00bb17px\u00bb body_line_height=\u00bb1.75em\u00bb position_font=\u00bbTimes New Roman|Source Sans Pro_weight|||||||\u00bb position_text_color=\u00bb#858587&#8243; position_font_size=\u00bb17px\u00bb body_link_text_color=\u00bb#f25c54&#8243; text_orientation=\u00bbcenter\u00bb hover_enabled=\u00bb0&#8243; header_font_size_tablet=\u00bb18px\u00bb header_font_size_phone=\u00bb15px\u00bb header_font_size_last_edited=\u00bbon|phone\u00bb body_font_size_tablet=\u00bb15px\u00bb body_font_size_phone=\u00bb14px\u00bb body_font_size_last_edited=\u00bbon|tablet\u00bb custom_css_member_image=\u00bbmargin: 0 auto 20px;\u00bb header_text_shadow_style=\u00bbpreset1&#8243; border_radii=\u00bbon|6px|6px|6px|6px\u00bb border_radii_image=\u00bbon|400px|400px|400px|400px\u00bb locked=\u00bboff\u00bb global_colors_info=\u00bb{%22gcid-36fd78a7-34bc-404d-873c-dafa34efaae5%22:%91%22icon_color%22,%22icon_color%22,%22icon_color%22,%22icon_color%22,%22icon_color%22,%22icon_color%22,%22icon_color%22,%22icon_color%22,%22icon_color%22,%22icon_color%22,%22icon_color%22,%22icon_color%22,%22icon_color%22,%22icon_color%22,%22icon_color%22,%22icon_color%22,%22icon_color%22,%22icon_color%22,%22icon_color%22,%22icon_color%22,%22icon_color%22,%22icon_color%22,%22icon_color%22,%22icon_color%22,%22icon_color%22,%22icon_color%22,%22icon_color%22,%22icon_color%22,%22icon_color%22,%22icon_color%22,%22icon_color%22,%22icon_color%22,%22icon_color%22,%22icon_color%22,%22icon_color%22,%22icon_color%22,%22icon_color%22,%22icon_color%22,%22icon_color%22,%22icon_color%22%93,%22gcid-7cadd8b3-5228-48e4-90c4-212d09232f7b%22:%91%22header_text_color%22,%22header_text_color%22,%22header_text_color%22,%22header_text_color%22,%22header_text_color%22,%22header_text_color%22,%22header_text_color%22,%22header_text_color%22,%22header_text_color%22,%22header_text_color%22,%22header_text_color%22,%22header_text_color%22%93,%22gcid-79b39b81-644f-4ab7-865f-b460373c4fde%22:%91%22position_text_color%22,%22position_text_color%22,%22position_text_color%22,%22position_text_color%22%93}\u00bb sticky_enabled=\u00bb0&#8243;][\/et_pb_team_member][\/et_pb_column][\/et_pb_row][\/et_pb_section]<\/p>\n","protected":false},"excerpt":{"rendered":"<p>&nbsp; &nbsp; &nbsp;&nbsp; &nbsp; &nbsp;<\/p>\n","protected":false},"author":3,"featured_media":0,"parent":0,"menu_order":0,"comment_status":"closed","ping_status":"closed","template":"","meta":{"_et_pb_use_builder":"on","_et_pb_old_content":"<img class=\"alignright wp-image-13909\" src=\"http:\/\/www.colegioiac.cl\/2023\/wp-content\/uploads\/2019\/06\/logo02-1024x447.jpg\" alt=\"\" width=\"289\" height=\"126\">[dropcap]E[\/dropcap]quipo del \u00c1rea de Formaci\u00f3n:\n\n&nbsp;\n\n&nbsp;\n\n&nbsp;\n\n[checklist]\n<ul>\n \t<li>\n<h3>Coordinadora. \u00c1rea de Formaci\u00f3n<\/h3>\n<\/li>\n<\/ul>\n[\/checklist]\n\n[toggle title=\"Susana del Carmen Campos Montenegro\"]\n\n<img class=\"alignleft wp-image-13903 size-full\" src=\"http:\/\/www.colegioiac.cl\/2023\/wp-content\/uploads\/2019\/06\/Coordinadora.jpg\" alt=\"\" width=\"186\" height=\"208\"><b><\/b>\n\nLicenciada en Educaci\u00f3n Parvularia. Universidad Vi\u00f1a del Mar. Magister en Orientaci\u00f3n, Familia y Educaci\u00f3n, Universidad de los Andes.\n\nDiplomado en Gesti\u00f3n del Clima y la Convivencia Escolar, Universidad de los Andes.\n\nPost\u00edtulo en Orientaci\u00f3n, Familia y Educaci\u00f3n, Universidad de los Andes. Post\u00edtulo en Educaci\u00f3n Religiosa Escolar Cat\u00f3lica, con Menci\u00f3n en Religi\u00f3n para Educaci\u00f3n B\u00e1sica, Universidad Finis Terrae.<b>\n<\/b>[\/toggle]\n\n[crosslist]\n\n&nbsp;\n\n[checklist]\n<ul>\n \t<li>\n<h3>Encargado de Convivencia Escolar.<\/h3>\n<\/li>\n<\/ul>\n[\/checklist]\n\n[toggle title=\"Walter Seguel Labra\"]\n\n<img class=\"alignleft wp-image-13904 size-full\" src=\"http:\/\/www.colegioiac.cl\/2023\/wp-content\/uploads\/2019\/06\/Encargado-CE.jpg\" alt=\"\" width=\"186\" height=\"208\"><b><\/b>\n\nLicenciado en Historia, Universidad de Concepci\u00f3n. Diplomado en Gesti\u00f3n de la Convivencia Escolar, Universidad Alberto Hurtado.\n\nProfesor en Ense\u00f1anza Media con menci\u00f3n en Historia, Universidad Nacional Andr\u00e9s Bello. Seis a\u00f1os de experiencia en el \u00e1rea de Convivencia Escolar, Santiago de Chile.\n\nCursa actualmente el segundo a\u00f1o de Mag\u00edster en Direcci\u00f3n y Gesti\u00f3n Escolar, en la Universidad de los Andes.\n[\/toggle]\n\n[crosslist]\n\n&nbsp;\n\n[checklist]\n<ul>\n \t<li>\n<h3>Psic\u00f3loga de \u00c1rea.<\/h3>\n<\/li>\n<\/ul>\n[\/checklist]\n\n[toggle title=\"Karla Marchant Sep\u00falveda\"]\n\n<img class=\"wp-image-13905 size-full alignleft\" src=\"https:\/\/www.colegioiac.cl\/2023\/wp-content\/uploads\/2019\/06\/Psicologa1.jpg\" alt=\"\" width=\"186\" height=\"208\">\n\nLicenciada en Psicolog\u00eda, Universidad Vi\u00f1a del Mar.\n\nPost\u00edtulo en Intervenci\u00f3n en Violencia Intrafamiliar, y Abuso Sexual Infantil, Universidad de Valpara\u00edso. Post\u00edtulo de menci\u00f3n en Orientaci\u00f3n Educacional y Vocacional, Universidad Miguel de Cervantes.\n\nDiplomado en Enfoque de G\u00e9nero, Familia, y Pol\u00edticas P\u00fablicas, Universidad de Chile. Diplomado en Psicoterapia Gest\u00e1ltica infanto-juvenil. Centro de Psicoterapia Gestalt, Santiago de Chile. Diplomado en Gesti\u00f3n del Clima y la Convivencia Escolar, Universidad de los Andes.\n\nMagister en Psicolog\u00eda Cl\u00ednica. Orientaci\u00f3n Gest\u00e1ltica, Universidad Mayor.\n\n[\/toggle]\n\n&nbsp;","_et_gb_content_width":"","ngg_post_thumbnail":0,"footnotes":""},"class_list":["post-13841","page","type-page","status-publish","hentry"],"_links":{"self":[{"href":"https:\/\/www.colegioiac.cl\/index.php?rest_route=\/wp\/v2\/pages\/13841","targetHints":{"allow":["GET"]}}],"collection":[{"href":"https:\/\/www.colegioiac.cl\/index.php?rest_route=\/wp\/v2\/pages"}],"about":[{"href":"https:\/\/www.colegioiac.cl\/index.php?rest_route=\/wp\/v2\/types\/page"}],"author":[{"embeddable":true,"href":"https:\/\/www.colegioiac.cl\/index.php?rest_route=\/wp\/v2\/users\/3"}],"replies":[{"embeddable":true,"href":"https:\/\/www.colegioiac.cl\/index.php?rest_route=%2Fwp%2Fv2%2Fcomments&post=13841"}],"version-history":[{"count":43,"href":"https:\/\/www.colegioiac.cl\/index.php?rest_route=\/wp\/v2\/pages\/13841\/revisions"}],"predecessor-version":[{"id":30600,"href":"https:\/\/www.colegioiac.cl\/index.php?rest_route=\/wp\/v2\/pages\/13841\/revisions\/30600"}],"wp:attachment":[{"href":"https:\/\/www.colegioiac.cl\/index.php?rest_route=%2Fwp%2Fv2%2Fmedia&parent=13841"}],"curies":[{"name":"wp","href":"https:\/\/api.w.org\/{rel}","templated":true}]}}