{"id":1445,"date":"2012-11-08T13:00:26","date_gmt":"2012-11-08T17:00:26","guid":{"rendered":"http:\/\/www.colegioiac.cl\/2012\/?page_id=1445"},"modified":"2025-03-26T11:11:14","modified_gmt":"2025-03-26T15:11:14","slug":"junto-a-la-familia","status":"publish","type":"page","link":"https:\/\/www.colegioiac.cl\/?page_id=1445","title":{"rendered":"Junto a la Familia"},"content":{"rendered":"<p>[et_pb_section fb_built=\u00bb1&#8243; admin_label=\u00bbsection\u00bb _builder_version=\u00bb4.16&#8243; global_colors_info=\u00bb{}\u00bb][et_pb_row admin_label=\u00bbrow\u00bb _builder_version=\u00bb4.16&#8243; background_size=\u00bbinitial\u00bb background_position=\u00bbtop_left\u00bb background_repeat=\u00bbrepeat\u00bb global_colors_info=\u00bb{}\u00bb][et_pb_column type=\u00bb4_4&#8243; _builder_version=\u00bb4.16&#8243; custom_padding=\u00bb|||\u00bb global_colors_info=\u00bb{}\u00bb custom_padding__hover=\u00bb|||\u00bb][et_pb_text admin_label=\u00bbText\u00bb _builder_version=\u00bb4.27.4&#8243; text_font=\u00bbRaleway||||||||\u00bb text_text_color=\u00bb#2C426A\u00bb text_font_size=\u00bb18px\u00bb header_font=\u00bbRaleway|||on|||||\u00bb header_text_align=\u00bbcenter\u00bb header_text_color=\u00bb#2C426A\u00bb background_size=\u00bbinitial\u00bb background_position=\u00bbtop_left\u00bb background_repeat=\u00bbrepeat\u00bb hover_enabled=\u00bb0&#8243; header_text_shadow_style=\u00bbpreset1&#8243; global_colors_info=\u00bb{}\u00bb sticky_enabled=\u00bb0&#8243;]<\/p>\n<h1>Hemos habilitado un nuevo espacio destinado a la familia y a la importante misi\u00f3n que tenemos como padres. Encontrar\u00e1 aqu\u00ed algunos art\u00edculos que esperamos sean de su agrado y utilidad<\/h1>\n<p>&nbsp;<\/p>\n<div class='one_half'>\n\t\t\t\t\t<p><img loading=\"lazy\" decoding=\"async\" class=\"alignleft\" title=\"Tema_1\" src=\"https:\/\/www.colegioiac.cl\/wp-content\/uploads\/2012\/05\/Tema_1-150x150.png\" alt=\"\" width=\"130\" height=\"130\" \/><strong>Tema 1<\/strong><\/p>\n<p><strong><a href=\"https:\/\/www.colegioiac.cl\/wp-content\/uploads\/2012\/05\/obediencia-orden-y-sinceridad.pdf\" target=\"_blank\" rel=\"noopener noreferrer\">Las 3 primeras virtudes <\/a><\/strong><\/p>\n<h3><strong style=\"font-size: 0.83em;\">\n\t\t\t\t<\/div><\/strong><\/h3>\n<p><strong style=\"font-size: 0.83em;\"><img loading=\"lazy\" decoding=\"async\" class=\"alignleft\" title=\"Tema_2\" src=\"https:\/\/www.colegioiac.cl\/wp-content\/uploads\/2012\/05\/Tema_2-150x150.png\" alt=\"\" width=\"130\" height=\"130\" \/><\/strong><\/p>\n<p><strong>Tema 2<\/strong><br \/><strong><br \/><a href=\"https:\/\/www.colegioiac.cl\/wp-content\/uploads\/2012\/05\/Cuaderno-de-Valores.swf\" target=\"_blank\" rel=\"noopener noreferrer\">Cuentos Clasificados por Valores<\/a><\/strong><\/p>\n<p>&nbsp;<\/p>\n<p>&nbsp;<\/p>\n<p>&nbsp;<\/p>\n<p><strong><div class='one_half'>\n\t\t\t\t\t<\/strong><\/p>\n<p><strong><img loading=\"lazy\" decoding=\"async\" class=\" wp-image-2711 alignleft\" src=\"https:\/\/www.colegioiac.cl\/wp-content\/uploads\/2013\/03\/Tema_3-150x150.png\" alt=\"Tema_3\" width=\"130\" height=\"130\" srcset=\"https:\/\/www.colegioiac.cl\/wp-content\/uploads\/2013\/03\/Tema_3-150x150.png 150w, https:\/\/www.colegioiac.cl\/wp-content\/uploads\/2013\/03\/Tema_3.png 270w\" sizes=\"(max-width: 130px) 100vw, 130px\" \/><\/strong><\/p>\n<p><strong>Tema 3<\/strong><\/p>\n<p><strong><a href=\"https:\/\/www.colegioiac.cl\/wp-content\/uploads\/2012\/11\/Que-hacer-para-prevenir-el-abuso-sexual.pdf\">\u00bfQu\u00e9 podemos hacer para prevenir el abuso sexual?<\/a>\u00a0<\/strong><\/p>\n<p><strong>\n\t\t\t\t<\/div><\/strong><\/p>\n<p><strong><img loading=\"lazy\" decoding=\"async\" class=\"alignleft\" style=\"font-size: 0.83em;\" src=\"https:\/\/www.colegioiac.cl\/wp-content\/uploads\/2012\/11\/ed_sexual.png\" alt=\"Tema_3\" width=\"130\" height=\"130\" \/><\/strong> <strong>Tema\u00a04<\/strong><\/p>\n<p><strong><a href=\"https:\/\/www.colegioiac.cl\/wp-content\/uploads\/2013\/07\/ROL-DE-LOS-PADRES-EN-LA-EDUCACI\u00d3N-SEXUAL-DE-SUS-HIJOS.pdf\" target=\"_blank\" rel=\"noopener noreferrer\">Rol de los Padres en la Educaci\u00f3n Sexual de sus Hijos\u00a0<\/a><\/strong><\/p>\n<p>&nbsp;<\/p>\n<p><strong><div class='one_half'>\n\t\t\t\t\t<\/strong><\/p>\n<p><strong><img loading=\"lazy\" decoding=\"async\" class=\"wp-image-4970 alignleft\" src=\"https:\/\/www.colegioiac.cl\/wp-content\/uploads\/2012\/11\/Fortaleciendo-el-rol-de-los-padres.png\" alt=\"Fortaleciendo el rol de los padres\" width=\"130\" height=\"130\" \/><\/strong><\/p>\n<p><strong>Tema 5<\/strong><\/p>\n<p><strong><a title=\"Desarrollo Psicol\u00f3gico en la Edad Preescolar \" href=\"https:\/\/www.colegioiac.cl\/wp-content\/uploads\/2012\/11\/Desarrollo-Psicol\u00f3gico-en-la-Edad-Preescolar.pdf\" target=\"_blank\" rel=\"noopener noreferrer\">Desarrollo Psicol\u00f3gico en la Edad Preescolar\u00a0<\/a><\/strong><\/p>\n<p><strong><\/strong><\/p>\n<p><strong>\n\t\t\t\t<\/div><\/strong><\/p>\n<p><strong><img loading=\"lazy\" decoding=\"async\" class=\"wp-image-5196 alignleft\" src=\"https:\/\/www.colegioiac.cl\/wp-content\/uploads\/2012\/11\/habitos_estudios.png\" alt=\"habitos_estudios\" width=\"130\" height=\"130\" \/><\/strong> <strong>Tema 6<\/strong><\/p>\n<p><strong><a href=\"https:\/\/www.colegioiac.cl\/wp-content\/uploads\/2014\/05\/H\u00e1bitos-de-Estudio-y-Rol-de-los-Padres.pdf\" target=\"_blank\" rel=\"noopener noreferrer\">H\u00e1bitos de Estudio y Rol de los Padres<\/a><\/strong><\/p>\n<p><strong><\/strong><\/p>\n<p>&nbsp;<\/p>\n<p><strong><div class='one_half'>\n\t\t\t\t\t<\/strong><\/p>\n<p><strong><img loading=\"lazy\" decoding=\"async\" class=\"alignleft wp-image-5516\" src=\"https:\/\/www.colegioiac.cl\/wp-content\/uploads\/2014\/07\/queveo2.png\" alt=\"queveo2\" width=\"127\" height=\"76\" \/>Tema 7<\/strong><\/p>\n<p><strong><a href=\"https:\/\/www.colegioiac.cl\/wp-content\/uploads\/2012\/11\/QueVeo.pdf\" target=\"_blank\" rel=\"noopener noreferrer\">Recomendaciones para el uso responsable de las tecnolog\u00edas en lo era digital <\/a><\/strong><strong>\n\t\t\t\t<\/div><\/strong><\/p>\n<p><a href=\"https:\/\/www.colegioiac.cl\/wp-content\/uploads\/2019\/05\/contencion-emocional.jpg\"><img loading=\"lazy\" decoding=\"async\" class=\"alignleft wp-image-13697\" src=\"https:\/\/www.colegioiac.cl\/wp-content\/uploads\/2019\/05\/contencion-emocional-150x150.jpg\" alt=\"\" width=\"127\" height=\"100\" \/><\/a><\/p>\n<p><strong>\u00a0<\/strong><strong>Tema 8<\/strong><\/p>\n<p><strong><a href=\"https:\/\/www.colegioiac.cl\/?p=13682\">Contenci\u00f3n Emocional &#8211; Convivencia Escolar <\/a><\/strong><\/p>\n<p><strong><\/strong><\/p>\n<p>&nbsp;<\/p>\n<p><strong><div class='one_half'>\n\t\t\t\t\t\n\t\t\t\t<\/div><\/strong><\/p>\n<p>[\/et_pb_text][\/et_pb_column][\/et_pb_row][\/et_pb_section]<\/p>\n","protected":false},"excerpt":{"rendered":"<p>Hemos habilitado un nuevo espacio destinado a la familia y a la importante misi\u00f3n que tenemos como padres. Encontrar\u00e1 aqu\u00ed algunos art\u00edculos que esperamos sean de su agrado y utilidad &nbsp; <div class='one_half'>\n\t\t\t\t\tTema 1 Las 3 primeras virtudes\n\t\t\t\t<\/div> Tema 2Cuentos Clasificados por Valores &nbsp; &nbsp; &nbsp; <div class='one_half'>\n\t\t\t\t\t\n\t\t\t\t<\/div> Tema 3 \u00bfQu\u00e9 podemos hacer [&hellip;]<\/p>\n","protected":false},"author":3,"featured_media":0,"parent":0,"menu_order":0,"comment_status":"open","ping_status":"open","template":"","meta":{"_et_pb_use_builder":"on","_et_pb_old_content":"Hemos habilitado un nuevo espacio destinado a la familia y a la importante misi\u00f3n que tenemos como padres. Encontrar\u00e1 aqu\u00ed algunos art\u00edculos que esperamos sean de su agrado y utilidad.\n\n&nbsp;\n\n[one_half last=\"si\"]\n\n<img class=\"alignleft\" title=\"Tema_1\" src=\"http:\/\/www.colegioiac.cl\/2023\/wp-content\/uploads\/2012\/05\/Tema_1-150x150.png\" alt=\"\" width=\"130\" height=\"130\"><strong>Tema 1<\/strong>\n\n<strong> [checklist]<a href=\"http:\/\/www.colegioiac.cl\/2023\/wp-content\/uploads\/2012\/05\/obediencia-orden-y-sinceridad.pdf\" target=\"_blank\" rel=\"noopener noreferrer\">Las 3 primeras virtudes <\/a>[\/checklist]<\/strong>\n<h3><strong style=\"font-size: 0.83em;\">[\/one_half]<\/strong><\/h3>\n<strong style=\"font-size: 0.83em;\"><img class=\"alignleft\" title=\"Tema_2\" src=\"http:\/\/www.colegioiac.cl\/2023\/wp-content\/uploads\/2012\/05\/Tema_2-150x150.png\" alt=\"\" width=\"130\" height=\"130\"><\/strong>\n\n<strong>Tema 2<\/strong>\n<strong>\n[checklist]<a href=\"http:\/\/www.colegioiac.cl\/2023\/wp-content\/uploads\/2012\/05\/Cuaderno-de-Valores.swf\" target=\"_blank\" rel=\"noopener noreferrer\">Cuentos Clasificados por Valores<\/a>[\/checklist]<\/strong>\n\n&nbsp;\n\n&nbsp;\n\n&nbsp;\n\n<strong>[one_half last=\"si\"]<\/strong>\n\n<strong><img class=\" wp-image-2711 alignleft\" src=\"http:\/\/www.colegioiac.cl\/2023\/wp-content\/uploads\/2013\/03\/Tema_3-150x150.png\" alt=\"Tema_3\" width=\"130\" height=\"130\"><\/strong>\n\n<strong>Tema 3<\/strong>\n\n<strong>[checklist]<a href=\"http:\/\/www.colegioiac.cl\/2023\/wp-content\/uploads\/2012\/11\/Que-hacer-para-prevenir-el-abuso-sexual.pdf\">\u00bfQu\u00e9 podemos hacer para prevenir el abuso sexual?<\/a>&nbsp;[\/checklist]<\/strong>\n\n<strong>[\/one_half]<\/strong>\n\n<strong><img class=\"alignleft\" style=\"font-size: 0.83em;\" src=\"http:\/\/www.colegioiac.cl\/2023\/wp-content\/uploads\/2012\/11\/ed_sexual.png\" alt=\"Tema_3\" width=\"130\" height=\"130\"><\/strong> <strong>Tema&nbsp;4<\/strong>\n\n<strong> [checklist]<a href=\"http:\/\/www.colegioiac.cl\/2023\/wp-content\/uploads\/2013\/07\/ROL-DE-LOS-PADRES-EN-LA-EDUCACI\u00d3N-SEXUAL-DE-SUS-HIJOS.pdf\" target=\"_blank\" rel=\"noopener noreferrer\">Rol de los Padres en la Educaci\u00f3n Sexual de sus Hijos<\/a>[\/checklist]<\/strong>\n\n&nbsp;\n\n&nbsp;\n\n&nbsp;\n\n<strong>[one_half last=\"si\"]<\/strong>\n\n<strong><img class=\"wp-image-4970 alignleft\" src=\"http:\/\/www.colegioiac.cl\/2023\/wp-content\/uploads\/2012\/11\/Fortaleciendo-el-rol-de-los-padres.png\" alt=\"Fortaleciendo el rol de los padres\" width=\"130\" height=\"130\"><\/strong>\n\n<strong>Tema 5<\/strong>\n\n<strong>[checklist]<a title=\"Desarrollo Psicol\u00f3gico en la Edad Preescolar \" href=\"http:\/\/www.colegioiac.cl\/2023\/wp-content\/uploads\/2012\/11\/Desarrollo-Psicol\u00f3gico-en-la-Edad-Preescolar.pdf\" target=\"_blank\" rel=\"noopener noreferrer\">Desarrollo Psicol\u00f3gico en la Edad Preescolar<\/a>[\/checklist]<\/strong>\n\n<strong>[\/one_half]<\/strong>\n\n<strong><img class=\"wp-image-5196 alignleft\" src=\"http:\/\/www.colegioiac.cl\/2023\/wp-content\/uploads\/2012\/11\/habitos_estudios.png\" alt=\"habitos_estudios\" width=\"130\" height=\"130\"><\/strong> <strong>Tema 6<\/strong>\n\n<strong>[checklist]<a href=\"http:\/\/www.colegioiac.cl\/2023\/wp-content\/uploads\/2014\/05\/H\u00e1bitos-de-Estudio-y-Rol-de-los-Padres.pdf\" target=\"_blank\" rel=\"noopener noreferrer\">H\u00e1bitos de Estudio y Rol de los Padres<\/a>[\/checklist]<\/strong>\n\n&nbsp;\n\n&nbsp;\n\n&nbsp;\n\n<strong>[one_half last=\"si\"]<\/strong>\n\n<strong><img class=\"alignleft wp-image-5516\" src=\"http:\/\/www.colegioiac.cl\/2023\/wp-content\/uploads\/2014\/07\/queveo2.png\" alt=\"queveo2\" width=\"127\" height=\"76\">Tema 7<\/strong>\n\n<strong>[checklist]<a href=\"http:\/\/www.colegioiac.cl\/2023\/wp-content\/uploads\/2012\/11\/QueVeo.pdf\" target=\"_blank\" rel=\"noopener noreferrer\">Recomendaciones para el uso&nbsp;responsable de las tecnolog\u00edas&nbsp;en lo era digital<\/a>[\/checklist]<\/strong><strong>[\/one_half]<\/strong><strong>Tema 8<\/strong>\n\n<strong>[checklist]Un paso a la Santidad papa Francisco [vimeo id=\"220853676\" width=\"200\" height=\"150\"]&nbsp;<\/strong><strong>[\/checklist]<\/strong>\n\n<strong>[one_half last=\"si\"]<\/strong>\n\n<a href=\"http:\/\/www.colegioiac.cl\/2023\/wp-content\/uploads\/2019\/05\/contencion-emocional.jpg\"><img class=\"alignleft wp-image-13697\" src=\"http:\/\/www.colegioiac.cl\/2023\/wp-content\/uploads\/2019\/05\/contencion-emocional-150x150.jpg\" alt=\"\" width=\"127\" height=\"100\"><\/a>\n\n<strong>&nbsp;<\/strong><strong>Tema 9<\/strong>\n\n<strong>[checklist]<a href=\"http:\/\/www.colegioiac.cl\/2023\/?p=13682\">Contenci\u00f3n Emocional - Convivencia Escolar<\/a>[\/checklist][\/one_half]<\/strong>","_et_gb_content_width":"","ngg_post_thumbnail":0,"footnotes":""},"class_list":["post-1445","page","type-page","status-publish","hentry"],"_links":{"self":[{"href":"https:\/\/www.colegioiac.cl\/index.php?rest_route=\/wp\/v2\/pages\/1445","targetHints":{"allow":["GET"]}}],"collection":[{"href":"https:\/\/www.colegioiac.cl\/index.php?rest_route=\/wp\/v2\/pages"}],"about":[{"href":"https:\/\/www.colegioiac.cl\/index.php?rest_route=\/wp\/v2\/types\/page"}],"author":[{"embeddable":true,"href":"https:\/\/www.colegioiac.cl\/index.php?rest_route=\/wp\/v2\/users\/3"}],"replies":[{"embeddable":true,"href":"https:\/\/www.colegioiac.cl\/index.php?rest_route=%2Fwp%2Fv2%2Fcomments&post=1445"}],"version-history":[{"count":8,"href":"https:\/\/www.colegioiac.cl\/index.php?rest_route=\/wp\/v2\/pages\/1445\/revisions"}],"predecessor-version":[{"id":28684,"href":"https:\/\/www.colegioiac.cl\/index.php?rest_route=\/wp\/v2\/pages\/1445\/revisions\/28684"}],"wp:attachment":[{"href":"https:\/\/www.colegioiac.cl\/index.php?rest_route=%2Fwp%2Fv2%2Fmedia&parent=1445"}],"curies":[{"name":"wp","href":"https:\/\/api.w.org\/{rel}","templated":true}]}}