{"id":2087,"date":"2014-04-11T12:30:04","date_gmt":"2014-04-11T15:30:04","guid":{"rendered":"http:\/\/www.colegioiac.cl\/2012\/?page_id=2087"},"modified":"2024-11-12T23:01:24","modified_gmt":"2024-11-13T03:01:24","slug":"comite-de-convivencia-escolar","status":"publish","type":"page","link":"https:\/\/www.colegioiac.cl\/?page_id=2087","title":{"rendered":"Convivencia"},"content":{"rendered":"<p>[et_pb_section fb_built=\u00bb1&#8243; admin_label=\u00bbsection\u00bb _builder_version=\u00bb4.27.0&#8243; background_color=\u00bb#2C426A\u00bb custom_margin=\u00bb||||false|false\u00bb custom_padding=\u00bb||||false|false\u00bb top_divider_style=\u00bbclouds2&#8243; top_divider_color=\u00bb#FFFFFF\u00bb global_colors_info=\u00bb{}\u00bb][et_pb_row admin_label=\u00bbrow\u00bb _builder_version=\u00bb4.27.0&#8243; background_size=\u00bbinitial\u00bb background_position=\u00bbtop_left\u00bb background_repeat=\u00bbrepeat\u00bb custom_margin=\u00bb50px||||false|false\u00bb global_colors_info=\u00bb{}\u00bb][et_pb_column type=\u00bb4_4&#8243; _builder_version=\u00bb4.16&#8243; custom_padding=\u00bb|||\u00bb global_colors_info=\u00bb{}\u00bb custom_padding__hover=\u00bb|||\u00bb][et_pb_text admin_label=\u00bbText\u00bb _builder_version=\u00bb4.27.0&#8243; text_font=\u00bbRaleway||||||||\u00bb text_text_color=\u00bb#FFFFFF\u00bb text_font_size=\u00bb18px\u00bb header_font=\u00bbLato||||||||\u00bb header_text_color=\u00bb#FFD500&#8243; header_3_font=\u00bbLato||||||||\u00bb header_3_text_color=\u00bb#FFFFFF\u00bb header_3_font_size=\u00bb30px\u00bb background_size=\u00bbinitial\u00bb background_position=\u00bbtop_left\u00bb background_repeat=\u00bbrepeat\u00bb text_orientation=\u00bbjustified\u00bb custom_margin=\u00bb30px||||false|false\u00bb global_colors_info=\u00bb{}\u00bb]<\/p>\n<p style=\"text-align: justify;\"><span style=\"font-weight: 400;\">La Ley 20.536 \u00a0sobre Violencia Escolar, publicada el 17 de septiembre del 2011, define convivencia escolar como<\/span><b> \u00a0\u201c<\/b><b><i>La coexistencia arm\u00f3nica de los miembros de la comunidad educativa, que supone una interrelaci\u00f3n positiva entre ellos y permite el adecuado cumplimiento de los objetivos educativos en un clima que propicia el desarrollo integral de los estudiantes\u201d.<\/i><\/b><\/p>\n<p style=\"text-align: justify;\"><span style=\"font-weight: 400;\">El Comit\u00e9 de Convivencia Escolar lo componen \u00a0integrantes de los diferentes estamentos del colegio. Dentro de sus funciones se encuentran:<\/span><\/p>\n<p>&nbsp;<\/p>\n<ul>\n<li style=\"text-align: justify;\"><span style=\"font-weight: 400;\">Promover la buena convivencia escolar, mediante la promoci\u00f3n de valores y virtudes presentes en el plan global de formaci\u00f3n.<\/span><\/li>\n<li style=\"text-align: justify;\"><span style=\"font-weight: 400;\">Dise\u00f1ar e implementar \u00a0planes de promoci\u00f3n de sana convivencia \u00a0y prevenci\u00f3n de la violencia escolar \u00a0del establecimiento.<\/span><\/li>\n<li style=\"text-align: justify;\"><span style=\"font-weight: 400;\">Proponer y adoptar programas conducentes al mantenimiento de un \u00a0clima escolar sano.<\/span><\/li>\n<li style=\"text-align: justify;\"><span style=\"font-weight: 400;\">Informar y capacitar a todos los integrantes \u00a0de la comunidad educativa sobre la importancia \u00a0de \u00a0la sana convivencia.<\/span><\/li>\n<li style=\"text-align: justify;\"><span style=\"font-weight: 400;\">Posee car\u00e1cter consultivo, informativo y propositivo.<\/span><\/li>\n<li style=\"text-align: justify;\"><span style=\"font-weight: 400;\">Se debe reunir como m\u00ednimo en 4 sesiones ordinarias durante el a\u00f1o. Se pueden establecer m\u00e1s sesiones ordinarias, de acuerdo a los objetivos, temas y tareas que asuma el Comit\u00e9.<\/span><\/li>\n<li style=\"text-align: justify;\"><span style=\"font-weight: 400;\">Ser\u00e1 el encargado de Convivencia Escolar, el responsable de implementar el Plan de Gesti\u00f3n, conforme a las acciones que acuerde el Comit\u00e9 de Buena Convivencia Escolar.<\/span><\/li>\n<\/ul>\n<p>&nbsp;<\/p>\n<p><strong>Comit\u00e9 Convivencia Escolar<\/strong><\/p>\n<p><strong>Directora:\u00a0<\/strong>Sra. Marisela Fern\u00e1ndez Zapata<\/p>\n<p><strong>Director Ejecutivo:\u00a0<\/strong>Sr. Sergio Trucco Robles<\/p>\n<p><strong>Representantes de Docentes<\/strong>: Sra. Paulina Tapia &#8211; Sra. Aurora Gallardo &#8211; Sr. Nicol\u00e1s Araya &#8211; Sra. Daniela Trucco &#8211; Sr. Luis Gonz\u00e1lez<\/p>\n<p><strong>Representantes de los Asistentes de la Educaci\u00f3n:<\/strong> Sra. Karla Marchant &#8211; Sra. Alejandra Acu\u00f1a &#8211; Sra. Carmen Paz Corrales &#8211; Sra. Waleska Gordillo<\/p>\n<p><strong>Representante Centro General de Padres y Apoderados<\/strong>: Sr. Eduardo Herrera<\/p>\n<p><strong>Representante Centro de Alumnos: <\/strong>Srta. Martina Castillo<\/p>\n<p><strong>Encargado de convivencia escolar: <\/strong>Sr. Walter Seguel<\/p>\n<h3><\/h3>\n<p>[\/et_pb_text][et_pb_text _builder_version=\u00bb4.27.0&#8243; _module_preset=\u00bbdefault\u00bb text_font=\u00bbLato|700|||||||\u00bb text_text_color=\u00bb#FFFFFF\u00bb text_font_size=\u00bb30px\u00bb custom_margin=\u00bb||||false|false\u00bb custom_padding=\u00bb30px||||false|false\u00bb global_colors_info=\u00bb{}\u00bb]<\/p>\n<p>Video Explicativo del Comit\u00e9 de Convivencia Escolar<\/p>\n<p>[\/et_pb_text][et_pb_video src=\u00bbhttps:\/\/vimeo.com\/127162404&#8243; src_webm=\u00bb<iframe title=%22vimeo-player%22 src=%22https:\/\/player.vimeo.com\/video\/127162404?h=d5168b532f%22 width=%22640%22 height=%22360%22 frameborder=%220%22    allowfullscreen><\/iframe>\u00bb _builder_version=\u00bb4.27.0&#8243; _module_preset=\u00bbdefault\u00bb global_colors_info=\u00bb{}\u00bb][\/et_pb_video][et_pb_text _builder_version=\u00bb4.27.0&#8243; _module_preset=\u00bbdefault\u00bb text_font=\u00bbLato|700|||||||\u00bb text_text_color=\u00bb#FFFFFF\u00bb text_font_size=\u00bb30px\u00bb custom_margin=\u00bb||||false|false\u00bb custom_padding=\u00bb30px||||false|false\u00bb global_colors_info=\u00bb{}\u00bb]<\/p>\n<p>D\u00eda contra el CiberAcoso Escolar<\/p>\n<p>[\/et_pb_text][et_pb_video src=\u00bbhttps:\/\/vimeo.com\/324980110&#8243; src_webm=\u00bb<iframe title=%22vimeo-player%22 src=%22https:\/\/player.vimeo.com\/video\/127162404?h=d5168b532f%22 width=%22640%22 height=%22360%22 frameborder=%220%22    allowfullscreen><\/iframe>\u00bb _builder_version=\u00bb4.27.0&#8243; _module_preset=\u00bbdefault\u00bb global_colors_info=\u00bb{}\u00bb][\/et_pb_video][\/et_pb_column][\/et_pb_row][\/et_pb_section]<\/p>\n","protected":false},"excerpt":{"rendered":"<p>La Ley 20.536 \u00a0sobre Violencia Escolar, publicada el 17 de septiembre del 2011, define convivencia escolar como \u00a0\u201cLa coexistencia arm\u00f3nica de los miembros de la comunidad educativa, que supone una interrelaci\u00f3n positiva entre ellos y permite el adecuado cumplimiento de los objetivos educativos en un clima que propicia el desarrollo integral de los estudiantes\u201d. El [&hellip;]<\/p>\n","protected":false},"author":3,"featured_media":0,"parent":0,"menu_order":0,"comment_status":"open","ping_status":"open","template":"","meta":{"_et_pb_use_builder":"on","_et_pb_old_content":"<span style=\"font-weight: 400;\"><img class=\"alignright wp-image-10773\" src=\"http:\/\/www.colegioiac.cl\/2016\/wp-content\/uploads\/2014\/04\/Forma1.jpg\" alt=\"\" width=\"232\" height=\"159\">La Ley 20.536 &nbsp;sobre Violencia Escolar, publicada el 17 de septiembre del 2011, define convivencia escolar como<\/span><b> &nbsp;\u201c<\/b><b><i>La coexistencia arm\u00f3nica de los miembros de la comunidad educativa, que supone una interrelaci\u00f3n positiva entre ellos y permite el adecuado cumplimiento de los objetivos educativos en un clima que propicia el desarrollo integral de los estudiantes\u201d.<\/i><\/b>\n\n<span style=\"font-weight: 400;\">El Comit\u00e9 de Convivencia Escolar lo componen &nbsp;integrantes de los diferentes estamentos del colegio. Dentro de sus funciones se encuentran:<\/span>\n\n[crosslist]\n<ul>\n \t<li><span style=\"font-weight: 400;\">Promover la buena convivencia escolar, mediante la promoci\u00f3n de valores y virtudes presentes en el plan global de formaci\u00f3n.<\/span><\/li>\n \t<li><span style=\"font-weight: 400;\">Dise\u00f1ar e implementar &nbsp;planes de promoci\u00f3n de sana convivencia &nbsp;y prevenci\u00f3n de la violencia escolar &nbsp;del establecimiento.<\/span><\/li>\n \t<li><span style=\"font-weight: 400;\">Proponer y adoptar programas conducentes al mantenimiento de un &nbsp;clima escolar sano.<\/span><\/li>\n \t<li><span style=\"font-weight: 400;\">Informar y capacitar a todos los integrantes &nbsp;de la comunidad educativa sobre la importancia &nbsp;de &nbsp;la sana convivencia.<\/span><\/li>\n \t<li><span style=\"font-weight: 400;\">Posee car\u00e1cter consultivo, informativo y propositivo.<\/span><\/li>\n \t<li><span style=\"font-weight: 400;\">Se debe reunir como m\u00ednimo en 4 sesiones ordinarias durante el a\u00f1o. Se pueden establecer m\u00e1s sesiones ordinarias, de acuerdo a los objetivos, temas y tareas que asuma el Comit\u00e9.<\/span><\/li>\n \t<li><span style=\"font-weight: 400;\">Ser\u00e1 el encargado de Convivencia Escolar, el responsable de implementar el Plan de Gesti\u00f3n, conforme a las acciones que acuerde el Comit\u00e9 de Buena Convivencia Escolar.<\/span><\/li>\n<\/ul>\n[\/crosslist]\n\n<strong>Comit\u00e9 Convivencia Escolar<\/strong>\n\n<strong>Directora:&nbsp;<\/strong>Sra. Marisela Fern\u00e1ndez Zapata\n\n<strong>Director Ejecutivo:&nbsp;<\/strong>Sr. Sergio Trucco Robles\n\n<strong>Representantes de Docentes<\/strong>: Sra. Paulina Tapia - Sra. Aurora Gallardo - Sr. Nicol\u00e1s Araya - Sra. Daniela Trucco - Sr. Luis Gonz\u00e1lez\n\n<strong>Representantes de los Asistentes de la Educaci\u00f3n:<\/strong> Sra. Karla Marchant - Sra. Alejandra Acu\u00f1a - Sra. Carmen Paz Corrales - Sra. Waleska Gordillo\n\n<strong>Representante Centro General de Padres y Apoderados<\/strong>: Sr. Eduardo Herrera\n\n<strong>Representante Centro de Alumnos: <\/strong>Srta. Martina Castillo\n\n<strong>Encargado de convivencia escolar: <\/strong>Sr. Walter Seguel\n<h3>&nbsp;<\/h3>\n<h3 style=\"text-align: left;\">Video Explicativo del Comit\u00e9 de Convivencia Escolar<\/h3>\n<p style=\"text-align: center;\">[vimeo id=\"127162404\" width=\"600\" height=\"350\"]<\/p>\n\n<h3>&nbsp;<\/h3>\n<h3 style=\"text-align: left;\">D\u00eda contra el CiberAcoso Escolar<\/h3>\n<p style=\"text-align: center;\">[vimeo id=\"324980110\" width=\"600\" height=\"350\"]<\/p>\n\n<h3>&nbsp;<\/h3>\n<h3 style=\"text-align: left;\">Descargar Actas del Comit\u00e9 de Convivencia Escolar<\/h3>\n[arrowlist]\n<ul>\n \t<li>[button color=\"blue\" link=\"http:\/\/www.colegioiac.cl\/2019\/wp-content\/uploads\/2019\/05\/Acta-Constitucion-Comite-de-Convivencia-Escolar-2019.pdf\" target=\"_blank\"]<strong>Acta Constitutiva del Comit\u00e9 de Buena de Convivencia Escolar - 17 de Abril de 2019<\/strong>[\/button]<\/li>\n<\/ul>\n[\/arrowlist]","_et_gb_content_width":"","ngg_post_thumbnail":0,"footnotes":""},"class_list":["post-2087","page","type-page","status-publish","hentry"],"_links":{"self":[{"href":"https:\/\/www.colegioiac.cl\/index.php?rest_route=\/wp\/v2\/pages\/2087","targetHints":{"allow":["GET"]}}],"collection":[{"href":"https:\/\/www.colegioiac.cl\/index.php?rest_route=\/wp\/v2\/pages"}],"about":[{"href":"https:\/\/www.colegioiac.cl\/index.php?rest_route=\/wp\/v2\/types\/page"}],"author":[{"embeddable":true,"href":"https:\/\/www.colegioiac.cl\/index.php?rest_route=\/wp\/v2\/users\/3"}],"replies":[{"embeddable":true,"href":"https:\/\/www.colegioiac.cl\/index.php?rest_route=%2Fwp%2Fv2%2Fcomments&post=2087"}],"version-history":[{"count":6,"href":"https:\/\/www.colegioiac.cl\/index.php?rest_route=\/wp\/v2\/pages\/2087\/revisions"}],"predecessor-version":[{"id":28109,"href":"https:\/\/www.colegioiac.cl\/index.php?rest_route=\/wp\/v2\/pages\/2087\/revisions\/28109"}],"wp:attachment":[{"href":"https:\/\/www.colegioiac.cl\/index.php?rest_route=%2Fwp%2Fv2%2Fmedia&parent=2087"}],"curies":[{"name":"wp","href":"https:\/\/api.w.org\/{rel}","templated":true}]}}