{"id":27113,"date":"2024-10-22T21:47:49","date_gmt":"2024-10-23T01:47:49","guid":{"rendered":"https:\/\/v1.colegioiac.cl\/?page_id=27113"},"modified":"2024-12-03T23:28:20","modified_gmt":"2024-12-04T03:28:20","slug":"area-de-apoyo-a-la-diversificacion","status":"publish","type":"page","link":"https:\/\/www.colegioiac.cl\/?page_id=27113","title":{"rendered":"\u00c1rea de Apoyo"},"content":{"rendered":"<p>[et_pb_section fb_built=\u00bb1&#8243; _builder_version=\u00bb4.27.0&#8243; _module_preset=\u00bbdefault\u00bb custom_margin=\u00bb||||false|false\u00bb custom_padding=\u00bb||0px||false|false\u00bb global_colors_info=\u00bb{}\u00bb][et_pb_row _builder_version=\u00bb4.27.0&#8243; _module_preset=\u00bbdefault\u00bb global_colors_info=\u00bb{}\u00bb][et_pb_column type=\u00bb4_4&#8243; _builder_version=\u00bb4.27.0&#8243; _module_preset=\u00bbdefault\u00bb global_colors_info=\u00bb{}\u00bb][et_pb_text _builder_version=\u00bb4.27.0&#8243; _module_preset=\u00bbdefault\u00bb text_font=\u00bbRaleway|700||on|||||\u00bb text_text_color=\u00bb#2C426A\u00bb text_font_size=\u00bb30px\u00bb header_font=\u00bbRaleway|700|||||||\u00bb header_text_align=\u00bbcenter\u00bb header_text_color=\u00bb#2C426A\u00bb text_orientation=\u00bbcenter\u00bb hover_enabled=\u00bb0&#8243; text_text_shadow_style=\u00bbpreset1&#8243; global_colors_info=\u00bb{}\u00bb text_font_size_last_edited=\u00bbon|phone\u00bb sticky_enabled=\u00bb0&#8243; text_font_size_phone=\u00bb25px\u00bb text_line_height=\u00bb1em\u00bb text_font_size_tablet=\u00bb30px\u00bb]<\/p>\n<p>\u00c1rea de apoyo a la diversificaci\u00f3n<\/p>\n<p>[\/et_pb_text][\/et_pb_column][\/et_pb_row][\/et_pb_section][et_pb_section fb_built=\u00bb1&#8243; _builder_version=\u00bb4.27.0&#8243; _module_preset=\u00bbdefault\u00bb background_color=\u00bb#2C426A\u00bb top_divider_style=\u00bbramp2&#8243; top_divider_color=\u00bb#FFFFFF\u00bb top_divider_height=\u00bb83px\u00bb bottom_divider_style=\u00bbramp2&#8243; bottom_divider_color=\u00bb#FFFFFF\u00bb global_colors_info=\u00bb{}\u00bb][et_pb_row _builder_version=\u00bb4.27.0&#8243; _module_preset=\u00bbdefault\u00bb custom_margin=\u00bb20px||||false|false\u00bb global_colors_info=\u00bb{}\u00bb][et_pb_column type=\u00bb4_4&#8243; _builder_version=\u00bb4.27.0&#8243; _module_preset=\u00bbdefault\u00bb global_colors_info=\u00bb{}\u00bb][et_pb_text _builder_version=\u00bb4.27.0&#8243; _module_preset=\u00bbdefault\u00bb text_font=\u00bbLato||||||||\u00bb text_text_color=\u00bb#FFFFFF\u00bb text_font_size=\u00bb18px\u00bb custom_margin=\u00bb20px||||false|false\u00bb custom_padding=\u00bb||25px||false|false\u00bb global_colors_info=\u00bb{}\u00bb]<\/p>\n<p style=\"text-align: justify;\">El \u00c1rea de Apoyo a la Diversificaci\u00f3n del Instituto Abd\u00f3n Cifuentes, con m\u00e1s de 8 a\u00f1os de trayectoria, est\u00e1 dedicada a asistir a los estudiantes que presentan dificultades en el aprendizaje o en lo acad\u00e9mico, asegurando que todos tengan las herramientas necesarias para alcanzar su m\u00e1ximo potencial.<\/p>\n<p style=\"text-align: justify;\">Nuestro equipo est\u00e1 conformado por cuatro educadoras diferenciales, una fonoaudi\u00f3loga y una coordinadora que tambi\u00e9n es educadora diferencial. Trabajamos en estrecha colaboraci\u00f3n con los profesores, estudiantes y familias para identificar y abordar las necesidades individuales de cada alumno, garantizando un acompa\u00f1amiento personalizado y efectivo.<\/p>\n<p style=\"text-align: justify;\"><strong>Proceso de Apoyo:<\/strong><\/p>\n<p style=\"text-align: justify;\">Todos los estudiantes del IAC son evaluados a trav\u00e9s de Pruebas de Nivel (PDN) y monitoreos constantes. Cuando un estudiante se encuentra por debajo del nivel esperado, el \u00c1rea de Apoyo a la Diversificaci\u00f3n interviene implementando un plan espec\u00edfico que incluye entre 5 y 6 sesiones de tutor\u00edas personalizadas, realizadas en horario electivo. Estas tutor\u00edas se desarrollan en una hora pedag\u00f3gica y est\u00e1n dise\u00f1adas para fortalecer las \u00e1reas de mejora del alumno, permitiendo su reincorporaci\u00f3n al ciclo de evaluaciones regulares junto a sus compa\u00f1eros.<\/p>\n<p style=\"text-align: justify;\"><strong>Apoyo en el Aula:<\/strong><\/p>\n<p style=\"text-align: justify;\">Adem\u00e1s de las tutor\u00edas, nuestro equipo apoya directamente en las aulas, trabajando desde Pre-K\u00ednder hasta Tercero Medio. Colaboramos con los profesores para identificar las mejores estrategias pedag\u00f3gicas para cada alumno, facilitando la planificaci\u00f3n conjunta de clases que respondan a las necesidades particulares de los estudiantes que reciben apoyo.<\/p>\n<p style=\"text-align: justify;\"><strong>Apoyo a Estudiantes con Necesidades Espec\u00edficas:<\/strong><\/p>\n<p style=\"text-align: justify;\">Tambi\u00e9n trabajamos con estudiantes diagnosticados dentro del espectro autista. Aunque en algunos casos no son identificados inicialmente por las familias, tras entrevistas y estudios neurol\u00f3gicos o evaluaciones de desarrollo, podemos establecer planes de acompa\u00f1amiento tanto internos como externos, brindando un apoyo integral a cada uno de ellos.<\/p>\n<p style=\"text-align: justify;\">Nuestro compromiso es fomentar una educaci\u00f3n inclusiva y equitativa, asegurando que todos nuestros estudiantes cuenten con el respaldo necesario para alcanzar el \u00e9xito acad\u00e9mico y personal<\/p>\n<p>[\/et_pb_text][\/et_pb_column][\/et_pb_row][\/et_pb_section]<\/p>\n","protected":false},"excerpt":{"rendered":"<p>\u00c1rea de apoyo a la diversificaci\u00f3nEl \u00c1rea de Apoyo a la Diversificaci\u00f3n del Instituto Abd\u00f3n Cifuentes, con m\u00e1s de 8 a\u00f1os de trayectoria, est\u00e1 dedicada a asistir a los estudiantes que presentan dificultades en el aprendizaje o en lo acad\u00e9mico, asegurando que todos tengan las herramientas necesarias para alcanzar su m\u00e1ximo potencial. Nuestro equipo est\u00e1 [&hellip;]<\/p>\n","protected":false},"author":3,"featured_media":0,"parent":0,"menu_order":0,"comment_status":"closed","ping_status":"closed","template":"","meta":{"_et_pb_use_builder":"on","_et_pb_old_content":"","_et_gb_content_width":"","ngg_post_thumbnail":0,"footnotes":""},"class_list":["post-27113","page","type-page","status-publish","hentry"],"_links":{"self":[{"href":"https:\/\/www.colegioiac.cl\/index.php?rest_route=\/wp\/v2\/pages\/27113","targetHints":{"allow":["GET"]}}],"collection":[{"href":"https:\/\/www.colegioiac.cl\/index.php?rest_route=\/wp\/v2\/pages"}],"about":[{"href":"https:\/\/www.colegioiac.cl\/index.php?rest_route=\/wp\/v2\/types\/page"}],"author":[{"embeddable":true,"href":"https:\/\/www.colegioiac.cl\/index.php?rest_route=\/wp\/v2\/users\/3"}],"replies":[{"embeddable":true,"href":"https:\/\/www.colegioiac.cl\/index.php?rest_route=%2Fwp%2Fv2%2Fcomments&post=27113"}],"version-history":[{"count":18,"href":"https:\/\/www.colegioiac.cl\/index.php?rest_route=\/wp\/v2\/pages\/27113\/revisions"}],"predecessor-version":[{"id":28224,"href":"https:\/\/www.colegioiac.cl\/index.php?rest_route=\/wp\/v2\/pages\/27113\/revisions\/28224"}],"wp:attachment":[{"href":"https:\/\/www.colegioiac.cl\/index.php?rest_route=%2Fwp%2Fv2%2Fmedia&parent=27113"}],"curies":[{"name":"wp","href":"https:\/\/api.w.org\/{rel}","templated":true}]}}