{"id":27124,"date":"2024-10-22T22:49:17","date_gmt":"2024-10-23T02:49:17","guid":{"rendered":"https:\/\/v1.colegioiac.cl\/?page_id=27124"},"modified":"2026-04-14T15:25:03","modified_gmt":"2026-04-14T19:25:03","slug":"programa-de-intercambio","status":"publish","type":"page","link":"https:\/\/www.colegioiac.cl\/?page_id=27124","title":{"rendered":"Intercambio"},"content":{"rendered":"<p>[et_pb_section fb_built=\u00bb1&#8243; _builder_version=\u00bb4.27.0&#8243; _module_preset=\u00bbdefault\u00bb custom_margin=\u00bb||||false|false\u00bb custom_padding=\u00bb||0px||false|false\u00bb global_colors_info=\u00bb{}\u00bb][et_pb_row _builder_version=\u00bb4.27.0&#8243; _module_preset=\u00bbdefault\u00bb global_colors_info=\u00bb{}\u00bb][et_pb_column type=\u00bb4_4&#8243; _builder_version=\u00bb4.27.0&#8243; _module_preset=\u00bbdefault\u00bb global_colors_info=\u00bb{}\u00bb][et_pb_text _builder_version=\u00bb4.27.0&#8243; _module_preset=\u00bbdefault\u00bb text_font=\u00bbRaleway|700||on|||||\u00bb text_text_color=\u00bb#2C426A\u00bb text_font_size=\u00bb30px\u00bb text_line_height=\u00bb1em\u00bb header_font=\u00bbRaleway|700|||||||\u00bb header_text_align=\u00bbcenter\u00bb header_text_color=\u00bb#2C426A\u00bb text_orientation=\u00bbcenter\u00bb text_font_size_tablet=\u00bb30px\u00bb text_font_size_phone=\u00bb25px\u00bb text_font_size_last_edited=\u00bbon|phone\u00bb text_text_shadow_style=\u00bbpreset1&#8243; global_colors_info=\u00bb{}\u00bb]<\/p>\n<p>conoce nuestro programa de intercambio<\/p>\n<p>[\/et_pb_text][\/et_pb_column][\/et_pb_row][\/et_pb_section][et_pb_section fb_built=\u00bb1&#8243; _builder_version=\u00bb4.27.0&#8243; _module_preset=\u00bbdefault\u00bb background_color=\u00bb#2C426A\u00bb top_divider_style=\u00bbramp2&#8243; top_divider_color=\u00bb#FFFFFF\u00bb bottom_divider_style=\u00bbramp2&#8243; bottom_divider_color=\u00bb#FFFFFF\u00bb global_colors_info=\u00bb{}\u00bb][et_pb_row _builder_version=\u00bb4.27.0&#8243; _module_preset=\u00bbdefault\u00bb custom_margin=\u00bb40px||||false|false\u00bb global_colors_info=\u00bb{}\u00bb][et_pb_column type=\u00bb4_4&#8243; _builder_version=\u00bb4.27.0&#8243; _module_preset=\u00bbdefault\u00bb global_colors_info=\u00bb{}\u00bb][et_pb_text _builder_version=\u00bb4.27.5&#8243; _module_preset=\u00bbdefault\u00bb text_font=\u00bbLato||||||||\u00bb text_text_color=\u00bb#FFFFFF\u00bb text_font_size=\u00bb18px\u00bb custom_margin=\u00bb10px||||false|false\u00bb custom_padding=\u00bb||20px||false|false\u00bb hover_enabled=\u00bb0&#8243; global_colors_info=\u00bb{}\u00bb sticky_enabled=\u00bb0&#8243;]<\/p>\n<p style=\"text-align: center;\"><strong>Programa de Intercambio en Estados Unidos<\/strong><strong><\/strong><\/p>\n<p style=\"text-align: justify;\"><strong>\u00a0<\/strong><\/p>\n<p style=\"text-align: center;\">Los programas de intercambio\u00a0<strong>\u00abFull Immersion MKA\u00bb<\/strong>\u00a0y\u00a0<strong>\u00abLanguage &amp; Culture The Pingry School\u00bb<\/strong>, impulsados por el\u00a0<strong>Instituto Abd\u00f3n Cifuentes (IAC)<\/strong>, brindan a los estudiantes una experiencia transformadora centrada en dos pilares clave:<\/p>\n<p><strong>Excelencia en el Ingl\u00e9s<\/strong>:<\/p>\n<p>La inmersi\u00f3n en colegios estadounidenses como\u00a0<strong>MKA<\/strong>\u00a0y\u00a0<strong>The Pingry School<\/strong>\u00a0permite a los alumnos practicar el idioma en contextos acad\u00e9micos, sociales y culturales reales. Esto no solo refuerza su fluidez y comprensi\u00f3n, sino que tambi\u00e9n les otorga ventajas competitivas en un mundo globalizado donde el ingl\u00e9s es esencial para estudios superiores, carreras internacionales y colaboraci\u00f3n multicultural.<\/p>\n<p><strong>Formaci\u00f3n Integral como Ciudadanos Globales<\/strong>:<\/p>\n<ol>\n<ul>\n<li><strong>Intercambio bidireccional<\/strong>: Los estudiantes del IAC act\u00faan como embajadores de Chile, compartiendo tradiciones folcl\u00f3ricas e hist\u00f3ricas, mientras aprenden de la cultura estadounidense. Esto fortalece su identidad y respeto por la diversidad.<\/li>\n<li><strong>Desarrollo de habilidades blandas<\/strong>: Los requisitos de selecci\u00f3n (disciplina, promedios altos, salud mental y adaptabilidad) aseguran que los participantes sean resilientes, emp\u00e1ticos y capaces de trabajar en equipo.<\/li>\n<li><strong>Responsabilidad y \u00e9tica<\/strong>: El cumplimiento de c\u00f3digos de vestimenta, normas de comportamiento y protocolos refleja el compromiso del IAC con la formaci\u00f3n de estudiantes \u00edntegros, preparados para respetar y adaptarse a entornos internacionales.<\/li>\n<\/ul>\n<\/ol>\n<p><strong><img loading=\"lazy\" decoding=\"async\" src=\"https:\/\/www.colegioiac.cl\/wp-content\/uploads\/2026\/04\/IMG-20260305-WA0054-scaled.jpg\" width=\"388\" height=\"517\" alt=\"\" class=\"wp-image-28512 aligncenter size-full\" \/><\/strong><\/p>\n<p><strong>Impacto a Largo Plazo<\/strong>:<br \/>Estos programas no solo mejoran el dominio del ingl\u00e9s, sino que tambi\u00e9n abren puertas a redes acad\u00e9micas globales, fomentan la autonom\u00eda y cultivan una mentalidad abierta. Para el IAC, esto refuerza su misi\u00f3n de formar l\u00edderes con visi\u00f3n global, arraigados en sus ra\u00edces chilenas y capacitados para destacar en cualquier escenario.<\/p>\n<p>[\/et_pb_text][\/et_pb_column][\/et_pb_row][et_pb_row _builder_version=\u00bb4.27.4&#8243; _module_preset=\u00bbdefault\u00bb global_colors_info=\u00bb{}\u00bb][et_pb_column type=\u00bb4_4&#8243; _builder_version=\u00bb4.27.4&#8243; _module_preset=\u00bbdefault\u00bb global_colors_info=\u00bb{}\u00bb][et_pb_divider _builder_version=\u00bb4.27.4&#8243; _module_preset=\u00bbdefault\u00bb global_colors_info=\u00bb{}\u00bb][\/et_pb_divider][et_pb_code _builder_version=\u00bb4.27.5&#8243; _module_preset=\u00bbdefault\u00bb global_colors_info=\u00bb{}\u00bb]<iframe src=https:\/\/www.colegioiac.cl\/wp-content\/uploads\/2026\/04\/PROGRAMAS_INTERCAMBIO_2027.pdf height=\"1000px\"<!-- [et_pb_line_break_holder] -->width=\u00bb1000%\u00bb><\/iframe><!-- [et_pb_line_break_holder] -->[\/et_pb_code][\/et_pb_column][\/et_pb_row][\/et_pb_section]<\/p>\n","protected":false},"excerpt":{"rendered":"<p>conoce nuestro programa de intercambioPrograma de Intercambio en Estados Unidos \u00a0 Los programas de intercambio\u00a0\u00abFull Immersion MKA\u00bb\u00a0y\u00a0\u00abLanguage &amp; Culture The Pingry School\u00bb, impulsados por el\u00a0Instituto Abd\u00f3n Cifuentes (IAC), brindan a los estudiantes una experiencia transformadora centrada en dos pilares clave: Excelencia en el Ingl\u00e9s: La inmersi\u00f3n en colegios estadounidenses como\u00a0MKA\u00a0y\u00a0The Pingry School\u00a0permite a los alumnos [&hellip;]<\/p>\n","protected":false},"author":3,"featured_media":0,"parent":0,"menu_order":0,"comment_status":"closed","ping_status":"closed","template":"","meta":{"_et_pb_use_builder":"on","_et_pb_old_content":"","_et_gb_content_width":"","ngg_post_thumbnail":0,"footnotes":""},"class_list":["post-27124","page","type-page","status-publish","hentry"],"_links":{"self":[{"href":"https:\/\/www.colegioiac.cl\/index.php?rest_route=\/wp\/v2\/pages\/27124","targetHints":{"allow":["GET"]}}],"collection":[{"href":"https:\/\/www.colegioiac.cl\/index.php?rest_route=\/wp\/v2\/pages"}],"about":[{"href":"https:\/\/www.colegioiac.cl\/index.php?rest_route=\/wp\/v2\/types\/page"}],"author":[{"embeddable":true,"href":"https:\/\/www.colegioiac.cl\/index.php?rest_route=\/wp\/v2\/users\/3"}],"replies":[{"embeddable":true,"href":"https:\/\/www.colegioiac.cl\/index.php?rest_route=%2Fwp%2Fv2%2Fcomments&post=27124"}],"version-history":[{"count":32,"href":"https:\/\/www.colegioiac.cl\/index.php?rest_route=\/wp\/v2\/pages\/27124\/revisions"}],"predecessor-version":[{"id":31691,"href":"https:\/\/www.colegioiac.cl\/index.php?rest_route=\/wp\/v2\/pages\/27124\/revisions\/31691"}],"wp:attachment":[{"href":"https:\/\/www.colegioiac.cl\/index.php?rest_route=%2Fwp%2Fv2%2Fmedia&parent=27124"}],"curies":[{"name":"wp","href":"https:\/\/api.w.org\/{rel}","templated":true}]}}