{"id":27925,"date":"2024-11-11T08:31:05","date_gmt":"2024-11-11T12:31:05","guid":{"rendered":"https:\/\/v1.colegioiac.cl\/?page_id=27925"},"modified":"2026-03-30T11:56:43","modified_gmt":"2026-03-30T15:56:43","slug":"actividades-extraprogramaticas-iac-2024","status":"publish","type":"page","link":"https:\/\/www.colegioiac.cl\/?page_id=27925","title":{"rendered":"Extracurriculares"},"content":{"rendered":"<p>[et_pb_section fb_built=\u00bb1&#8243; _builder_version=\u00bb4.27.0&#8243; _module_preset=\u00bbdefault\u00bb custom_margin=\u00bb||||false|false\u00bb custom_padding=\u00bb||0px||false|false\u00bb global_colors_info=\u00bb{}\u00bb][et_pb_row _builder_version=\u00bb4.27.0&#8243; _module_preset=\u00bbdefault\u00bb global_colors_info=\u00bb{}\u00bb][et_pb_column type=\u00bb4_4&#8243; _builder_version=\u00bb4.27.0&#8243; _module_preset=\u00bbdefault\u00bb global_colors_info=\u00bb{}\u00bb][et_pb_text _builder_version=\u00bb4.27.4&#8243; _module_preset=\u00bbdefault\u00bb header_font=\u00bbRaleway|700|||||||\u00bb header_text_align=\u00bbcenter\u00bb header_text_color=\u00bb#2C426A\u00bb header_font_size_tablet=\u00bb\u00bb header_font_size_phone=\u00bb26px\u00bb header_font_size_last_edited=\u00bbon|phone\u00bb header_text_shadow_style=\u00bbpreset1&#8243; global_colors_info=\u00bb{}\u00bb]<\/p>\n<h1>ACTIVIDADES EXTRAPROGRAM\u00c1TICAS IAC 2026<\/h1>\n<p>[\/et_pb_text][\/et_pb_column][\/et_pb_row][\/et_pb_section][et_pb_section fb_built=\u00bb1&#8243; prev_background_color=\u00bb#ffffff\u00bb _builder_version=\u00bb4.27.0&#8243; _module_preset=\u00bbdefault\u00bb background_color=\u00bb#2C426A\u00bb custom_margin=\u00bb||||false|false\u00bb custom_padding=\u00bb||0px||false|false\u00bb top_divider_style=\u00bbramp2&#8243; global_colors_info=\u00bb{}\u00bb][et_pb_row _builder_version=\u00bb4.27.0&#8243; _module_preset=\u00bbdefault\u00bb custom_margin=\u00bb50px||||false|false\u00bb global_colors_info=\u00bb{}\u00bb][et_pb_column type=\u00bb4_4&#8243; _builder_version=\u00bb4.27.0&#8243; _module_preset=\u00bbdefault\u00bb global_colors_info=\u00bb{}\u00bb][et_pb_text _builder_version=\u00bb4.27.0&#8243; _module_preset=\u00bbdefault\u00bb text_font=\u00bbLato||||||||\u00bb text_text_color=\u00bb#FFFFFF\u00bb text_font_size=\u00bb18px\u00bb text_orientation=\u00bbjustified\u00bb global_colors_info=\u00bb{}\u00bb]<\/p>\n<p>Las actividades extracurriculares desarrollan e implementan iniciativas que potencian, en distintas dimensiones, la formaci\u00f3n de los estudiantes, el desarrollo de habilidades sociales, el sentido de pertenencia y la pr\u00e1ctica activa como fuente de bienestar y recreaci\u00f3n.<\/p>\n<p>Actualmente el IAC cuenta con 18 talleres, que buscan responder a la diversidad de intereses de los estudiantes, estructurando la oferta en tres \u00e1mbitos: deportivo, art\u00edstico y cient\u00edfico.<\/p>\n<p>El \u00e1rea deportiva \u2013 social busca desarrollar las habilidades t\u00e9cnicas y t\u00e1cticas propias de los deportes, as\u00ed como tambi\u00e9n potenciar las habilidades sociales tales como el compa\u00f1erismo, el trabajo en equipo, la superaci\u00f3n de metas y la responsabilidad.<\/p>\n<p>El \u00e1rea art\u00edstica \u2013 cultural tiene como objetivo conocer y apreciar diferentes expresiones art\u00edsticas de acuerdo a la edad, adem\u00e1s de tener la posibilidad de expresarse a trav\u00e9s de la funcionalidad de un instrumento musical, del canto, de la danza y la pintura.<\/p>\n<p>Finalmente, el \u00e1rea cient\u00edfico \u2013 t\u00e9cnica se centra en la innovaci\u00f3n, parte de nuestra misi\u00f3n como IAC, adem\u00e1s de promover el aprendizaje del lenguaje digital por medio del juego y estar al d\u00eda con el actual est\u00e1ndar en tecnolog\u00edas.<\/p>\n<p>[\/et_pb_text][\/et_pb_column][\/et_pb_row][\/et_pb_section][et_pb_section fb_built=\u00bb1&#8243; _builder_version=\u00bb4.27.0&#8243; _module_preset=\u00bbdefault\u00bb background_color=\u00bb#2d406a\u00bb bottom_divider_style=\u00bbarrow\u00bb bottom_divider_color=\u00bb#FFFFFF\u00bb bottom_divider_height=\u00bb92px\u00bb global_colors_info=\u00bb{}\u00bb][et_pb_row _builder_version=\u00bb4.27.0&#8243; _module_preset=\u00bbdefault\u00bb global_colors_info=\u00bb{}\u00bb][et_pb_column type=\u00bb4_4&#8243; _builder_version=\u00bb4.27.0&#8243; _module_preset=\u00bbdefault\u00bb global_colors_info=\u00bb{}\u00bb][et_pb_text _builder_version=\u00bb4.27.4&#8243; _module_preset=\u00bbdefault\u00bb text_font=\u00bbLato||||||||\u00bb text_text_color=\u00bb#FFFFFF\u00bb text_font_size=\u00bb18px\u00bb header_font=\u00bbRaleway||||||||\u00bb header_text_color=\u00bb#FFFFFF\u00bb global_colors_info=\u00bb{}\u00bb]<\/p>\n<p>Actividades extraprogram\u00e1ticas IAC 2026<\/p>\n<p>&nbsp;<\/p>\n<p>Estimados Padres y Apoderados:<\/p>\n<p>Junto con saludar, se adjunta el presente calendario con las Actividades Extracurriculares 2026 e informamos que este Lunes 16 de Marzo, comienzan los talleres de: Academia de M\u00fasica, Orquesta, Coro, Rob\u00f3tica, Folclore, Voleibol Damas y Balonmano Varones. De igual manera, informamos que los talleres restantes tendr\u00e1n su inicio oficial el d\u00ed<strong>a Lunes\u00a0 06 de Abril<\/strong>.<\/p>\n<p><span>Cabe se\u00f1alar que los talleres que son por <\/span><b>inscripci\u00f3n y cupos son:<\/b><span> Rob\u00f3tica, Pintura, Polideportivo y Psicomotricidad-Juegos. <\/span><\/p>\n<p><span>Y por <\/span><b>invitaci\u00f3n<\/b><span>\u00a0Orquesta y Coro los dem\u00e1s son de libre participaci\u00f3n. <\/span><\/p>\n<p><span>D<\/span>eben inscribirse en la Secretar\u00eda del Colegio, a trav\u00e9s del fono 34 2 381283 o al e-mail secretaria@colegioiac.cl.<\/p>\n<p><em><strong><\/strong><\/em><\/p>\n<p>[\/et_pb_text][\/et_pb_column][\/et_pb_row][et_pb_row _builder_version=\u00bb4.27.0&#8243; _module_preset=\u00bbdefault\u00bb global_colors_info=\u00bb{}\u00bb][et_pb_column type=\u00bb4_4&#8243; _builder_version=\u00bb4.27.0&#8243; _module_preset=\u00bbdefault\u00bb global_colors_info=\u00bb{}\u00bb][et_pb_divider _builder_version=\u00bb4.27.4&#8243; _module_preset=\u00bbdefault\u00bb global_colors_info=\u00bb{}\u00bb][\/et_pb_divider][et_pb_code _builder_version=\u00bb4.27.5&#8243; _module_preset=\u00bbdefault\u00bb hover_enabled=\u00bb0&#8243; global_colors_info=\u00bb{}\u00bb sticky_enabled=\u00bb0&#8243;]<iframe src=\"https:\/\/www.colegioiac.cl\/wp-content\/uploads\/2026\/03\/HORARIOS-EXTRAPRO-OFICIAL.pdf\" height=\"1000px\"<!-- [et_pb_line_break_holder] -->width=\u00bb1000%\u00bb><\/iframe><!-- [et_pb_line_break_holder] --><!-- [et_pb_line_break_holder] -->[\/et_pb_code][\/et_pb_column][\/et_pb_row][et_pb_row _builder_version=\u00bb4.27.0&#8243; _module_preset=\u00bbdefault\u00bb global_colors_info=\u00bb{}\u00bb][et_pb_column type=\u00bb4_4&#8243; _builder_version=\u00bb4.27.0&#8243; _module_preset=\u00bbdefault\u00bb global_colors_info=\u00bb{}\u00bb][et_pb_button button_url=\u00bbhttps:\/\/www.colegioiac.cl\/wp-content\/uploads\/2026\/03\/HORARIOS-EXTRAPRO.pdf\u00bb url_new_window=\u00bbon\u00bb button_text=\u00bbDESCARGAR CRONOGRAMA IAC 2026&#8243; button_alignment=\u00bbcenter\u00bb _builder_version=\u00bb4.27.5&#8243; _module_preset=\u00bbdefault\u00bb custom_button=\u00bbon\u00bb button_text_color=\u00bb#FFFFFF\u00bb button_bg_color=\u00bb#858587&#8243; button_border_width=\u00bb0px\u00bb button_border_radius=\u00bb20px\u00bb button_letter_spacing=\u00bb2px\u00bb button_font=\u00bbRaleway||||||||\u00bb background_layout=\u00bbdark\u00bb filter_hue_rotate=\u00bb359deg\u00bb scroll_fade_enable=\u00bbon\u00bb global_colors_info=\u00bb{}\u00bb][\/et_pb_button][\/et_pb_column][\/et_pb_row][\/et_pb_section]<\/p>\n","protected":false},"excerpt":{"rendered":"<p>ACTIVIDADES EXTRAPROGRAM\u00c1TICAS IAC 2026Las actividades extracurriculares desarrollan e implementan iniciativas que potencian, en distintas dimensiones, la formaci\u00f3n de los estudiantes, el desarrollo de habilidades sociales, el sentido de pertenencia y la pr\u00e1ctica activa como fuente de bienestar y recreaci\u00f3n. Actualmente el IAC cuenta con 18 talleres, que buscan responder a la diversidad de intereses de [&hellip;]<\/p>\n","protected":false},"author":3,"featured_media":0,"parent":0,"menu_order":0,"comment_status":"closed","ping_status":"closed","template":"","meta":{"_et_pb_use_builder":"on","_et_pb_old_content":"","_et_gb_content_width":"","ngg_post_thumbnail":0,"footnotes":""},"class_list":["post-27925","page","type-page","status-publish","hentry"],"_links":{"self":[{"href":"https:\/\/www.colegioiac.cl\/index.php?rest_route=\/wp\/v2\/pages\/27925","targetHints":{"allow":["GET"]}}],"collection":[{"href":"https:\/\/www.colegioiac.cl\/index.php?rest_route=\/wp\/v2\/pages"}],"about":[{"href":"https:\/\/www.colegioiac.cl\/index.php?rest_route=\/wp\/v2\/types\/page"}],"author":[{"embeddable":true,"href":"https:\/\/www.colegioiac.cl\/index.php?rest_route=\/wp\/v2\/users\/3"}],"replies":[{"embeddable":true,"href":"https:\/\/www.colegioiac.cl\/index.php?rest_route=%2Fwp%2Fv2%2Fcomments&post=27925"}],"version-history":[{"count":32,"href":"https:\/\/www.colegioiac.cl\/index.php?rest_route=\/wp\/v2\/pages\/27925\/revisions"}],"predecessor-version":[{"id":31608,"href":"https:\/\/www.colegioiac.cl\/index.php?rest_route=\/wp\/v2\/pages\/27925\/revisions\/31608"}],"wp:attachment":[{"href":"https:\/\/www.colegioiac.cl\/index.php?rest_route=%2Fwp%2Fv2%2Fmedia&parent=27925"}],"curies":[{"name":"wp","href":"https:\/\/api.w.org\/{rel}","templated":true}]}}