{"id":384,"date":"2024-08-21T04:21:33","date_gmt":"2024-08-21T04:21:33","guid":{"rendered":"https:\/\/crealo.cl\/?page_id=384"},"modified":"2025-03-26T10:39:30","modified_gmt":"2025-03-26T14:39:30","slug":"proyecto-educativo","status":"publish","type":"page","link":"https:\/\/www.colegioiac.cl\/?page_id=384","title":{"rendered":"Proyecto Educativo"},"content":{"rendered":"<p>[et_pb_section fb_built=\u00bb1&#8243; _builder_version=\u00bb4.27.0&#8243; _module_preset=\u00bbdefault\u00bb background_color=\u00bb#2d406a\u00bb bottom_divider_style=\u00bbarrow\u00bb bottom_divider_color=\u00bb#FFFFFF\u00bb bottom_divider_height=\u00bb92px\u00bb bottom_divider_repeat=\u00bb1x\u00bb global_colors_info=\u00bb{}\u00bb][et_pb_row _builder_version=\u00bb4.27.0&#8243; _module_preset=\u00bbdefault\u00bb global_colors_info=\u00bb{}\u00bb][et_pb_column type=\u00bb4_4&#8243; _builder_version=\u00bb4.27.0&#8243; _module_preset=\u00bbdefault\u00bb global_colors_info=\u00bb{}\u00bb][et_pb_text _builder_version=\u00bb4.27.0&#8243; _module_preset=\u00bbdefault\u00bb text_font=\u00bbLato||||||||\u00bb text_text_color=\u00bb#FFFFFF\u00bb text_font_size=\u00bb18px\u00bb header_font=\u00bbRaleway|700||on|||||\u00bb header_text_color=\u00bb#FFFFFF\u00bb text_orientation=\u00bbjustified\u00bb header_text_shadow_style=\u00bbpreset1&#8243; global_colors_info=\u00bb{}\u00bb]<\/p>\n<div class=\"post-heading page\">\n<h1>Proyecto Educativo<\/h1>\n<\/div>\n<div class=\"post-entry\">\n<p><span class=\"dropcap\"><\/span><\/p>\n<p><span class=\"dropcap\">C<\/span>on m\u00e1s de un siglo de trayectoria educacional, el Instituto Abd\u00f3n Cifuentes de San Felipe ha querido plasmar su nuevo Proyecto Educativo, articulando de modo coherente la tradici\u00f3n y experiencia del pasado con las demandas del presente en expl\u00edcita apertura a los desaf\u00edos del futuro.<\/p>\n<p>El Proyecto que se entrega a la comunidad educacional est\u00e1 concebido como gu\u00eda de trabajo que contiene las definiciones fundamentales de la instituci\u00f3n de cara a una educaci\u00f3n moderna, flexible, abierta a las necesidades del pa\u00eds y en mutua interpelaci\u00f3n con las grandes transformaciones del mundo.<\/p>\n<p>En \u00e9l se reafirman al mismo tiempo los principios de una educaci\u00f3n integral dirigida a la formaci\u00f3n de personas \u00edntegras, acad\u00e9micamente aut\u00f3nomas, responsables de su desarrollo personal, comprometidas con los ideales y valores cristianos, concientes de su destino trascendente y con vocaci\u00f3n de servicio al pr\u00f3jimo y al bien del pa\u00eds.<\/p>\n<\/div>\n<p>[\/et_pb_text][\/et_pb_column][\/et_pb_row][et_pb_row _builder_version=\u00bb4.27.0&#8243; _module_preset=\u00bbdefault\u00bb global_colors_info=\u00bb{}\u00bb][et_pb_column type=\u00bb4_4&#8243; _builder_version=\u00bb4.27.0&#8243; _module_preset=\u00bbdefault\u00bb global_colors_info=\u00bb{}\u00bb][et_pb_button button_url=\u00bbhttps:\/\/www.colegioiac.cl\/wp-content\/uploads\/2012\/02\/proyecto_educativo_iac.pdf\u00bb button_text=\u00bbDescargar Proyecto Educativo\u00bb button_alignment=\u00bbcenter\u00bb _builder_version=\u00bb4.27.4&#8243; _module_preset=\u00bbdefault\u00bb custom_button=\u00bbon\u00bb button_text_color=\u00bb#FFFFFF\u00bb button_bg_color=\u00bb#858587&#8243; button_border_width=\u00bb0px\u00bb button_border_color=\u00bb#FFFFFF\u00bb button_border_radius=\u00bb20px\u00bb button_letter_spacing=\u00bb2px\u00bb button_font=\u00bbRaleway||||||||\u00bb background_layout=\u00bbdark\u00bb filter_hue_rotate=\u00bb359deg\u00bb scroll_scaling_enable=\u00bbon\u00bb hover_enabled=\u00bb0&#8243; button_text_shadow_style=\u00bbpreset1&#8243; global_colors_info=\u00bb{}\u00bb sticky_enabled=\u00bb0&#8243;][\/et_pb_button][\/et_pb_column][\/et_pb_row][\/et_pb_section]<\/p>\n","protected":false},"excerpt":{"rendered":"<p>Proyecto Educativo Con m\u00e1s de un siglo de trayectoria educacional, el Instituto Abd\u00f3n Cifuentes de San Felipe ha querido plasmar su nuevo Proyecto Educativo, articulando de modo coherente la tradici\u00f3n y experiencia del pasado con las demandas del presente en expl\u00edcita apertura a los desaf\u00edos del futuro. El Proyecto que se entrega a la comunidad [&hellip;]<\/p>\n","protected":false},"author":3,"featured_media":0,"parent":0,"menu_order":0,"comment_status":"closed","ping_status":"closed","template":"","meta":{"_et_pb_use_builder":"on","_et_pb_old_content":"","_et_gb_content_width":"","ngg_post_thumbnail":0,"footnotes":""},"class_list":["post-384","page","type-page","status-publish","hentry"],"_links":{"self":[{"href":"https:\/\/www.colegioiac.cl\/index.php?rest_route=\/wp\/v2\/pages\/384","targetHints":{"allow":["GET"]}}],"collection":[{"href":"https:\/\/www.colegioiac.cl\/index.php?rest_route=\/wp\/v2\/pages"}],"about":[{"href":"https:\/\/www.colegioiac.cl\/index.php?rest_route=\/wp\/v2\/types\/page"}],"author":[{"embeddable":true,"href":"https:\/\/www.colegioiac.cl\/index.php?rest_route=\/wp\/v2\/users\/3"}],"replies":[{"embeddable":true,"href":"https:\/\/www.colegioiac.cl\/index.php?rest_route=%2Fwp%2Fv2%2Fcomments&post=384"}],"version-history":[{"count":13,"href":"https:\/\/www.colegioiac.cl\/index.php?rest_route=\/wp\/v2\/pages\/384\/revisions"}],"predecessor-version":[{"id":28672,"href":"https:\/\/www.colegioiac.cl\/index.php?rest_route=\/wp\/v2\/pages\/384\/revisions\/28672"}],"wp:attachment":[{"href":"https:\/\/www.colegioiac.cl\/index.php?rest_route=%2Fwp%2Fv2%2Fmedia&parent=384"}],"curies":[{"name":"wp","href":"https:\/\/api.w.org\/{rel}","templated":true}]}}