{"id":386,"date":"2024-08-21T04:21:52","date_gmt":"2024-08-21T04:21:52","guid":{"rendered":"https:\/\/crealo.cl\/?page_id=386"},"modified":"2025-03-26T10:28:32","modified_gmt":"2025-03-26T14:28:32","slug":"historia","status":"publish","type":"page","link":"https:\/\/www.colegioiac.cl\/?page_id=386","title":{"rendered":"Historia"},"content":{"rendered":"<p>[et_pb_section fb_built=\u00bb1&#8243; _builder_version=\u00bb4.27.0&#8243; _module_preset=\u00bbdefault\u00bb background_color=\u00bb#2d406a\u00bb top_divider_color=\u00bb#FFFFFF\u00bb bottom_divider_style=\u00bbarrow\u00bb bottom_divider_color=\u00bb#FFFFFF\u00bb bottom_divider_height=\u00bb90px\u00bb global_colors_info=\u00bb{}\u00bb][et_pb_row _builder_version=\u00bb4.27.0&#8243; _module_preset=\u00bbdefault\u00bb custom_margin=\u00bb||20px||false|false\u00bb custom_margin_tablet=\u00bb||20px||false|false\u00bb custom_margin_phone=\u00bb||20px||false|false\u00bb custom_margin_last_edited=\u00bbon|phone\u00bb custom_padding=\u00bb||||false|false\u00bb global_colors_info=\u00bb{}\u00bb][et_pb_column type=\u00bb4_4&#8243; _builder_version=\u00bb4.27.0&#8243; _module_preset=\u00bbdefault\u00bb global_colors_info=\u00bb{}\u00bb][et_pb_text _builder_version=\u00bb4.27.4&#8243; _module_preset=\u00bbdefault\u00bb text_font=\u00bbLato||||||||\u00bb text_text_color=\u00bb#FFFFFF\u00bb text_font_size=\u00bb18px\u00bb header_font=\u00bbRaleway|||on|||||\u00bb header_text_color=\u00bb#FFFFFF\u00bb header_2_font=\u00bbTimes New Roman||||||||\u00bb header_2_font_size=\u00bb29px\u00bb header_3_font=\u00bbTimes New Roman||||||||\u00bb header_3_font_size=\u00bb29px\u00bb header_4_font=\u00bbTimes New Roman|||on|||||\u00bb header_4_text_color=\u00bb#FF6F00&#8243; header_5_font=\u00bbTimes New Roman|||on|||||\u00bb header_5_text_color=\u00bb#FFFFFF\u00bb hover_enabled=\u00bb0&#8243; global_colors_info=\u00bb{}\u00bb sticky_enabled=\u00bb0&#8243;]<\/p>\n<h1 style=\"text-align: justify;\"><strong>Historia\u00a0<\/strong><\/h1>\n<div class=\"post-heading fullwidth\" style=\"text-align: justify;\">\n<h1><\/h1>\n<p>&nbsp;<\/p>\n<\/div>\n<div class=\"post-entry\">\n<p style=\"text-align: justify;\"><span class=\"dropcap\">E<\/span>l Instituto\u00a0Abd\u00f3n Cifuentes\u00a0de San Felipe fue creado en 1910 por la Fundaci\u00f3n Centro Cristiano. En sus inicios se denomin\u00f3 \u201cInstituto Arturo Prat\u201d, siendo dirigido y administrado por los Hermanos de las Escuelas Cristianas hasta el a\u00f1o 1929.<\/p>\n<p style=\"text-align: justify;\">En 1930, el entonces Arzobispo de Santiago, Monse\u00f1or Mariano Casanova, nombr\u00f3 al presb\u00edtero don Alfredo Cifuentes G\u00f3mez para que asumiese la direcci\u00f3n del Instituto, quien en memoria, homenaje y gratitud a su padre, solicit\u00f3 el a\u00f1o 1931 el cambio de nombre por el de \u201c<strong>Instituto Abd\u00f3n Cifuentes<\/strong>\u201d.<\/p>\n<p><a href=\"https:\/\/www.colegioiac.cl\/wp-content\/uploads\/2012\/02\/194px-Abdon_Cifuentes_2_cropped.jpg\"><img loading=\"lazy\" decoding=\"async\" class=\"alignright wp-image-18 size-full\" title=\"Abdon_Cifuentes\" src=\"https:\/\/www.colegioiac.cl\/wp-content\/uploads\/2012\/02\/194px-Abdon_Cifuentes_2_cropped.jpg\" alt=\"\" width=\"194\" height=\"240\" \/><\/a><\/p>\n<div>\n<p style=\"text-align: justify;\">En 1933, asume la Direcci\u00f3n del Instituto el presb\u00edtero don Francisco Viveros W\u00f6rner, el cual junto con los sacerdotes de la Di\u00f3cesis administraron el colegio hasta 1963. En ese a\u00f1o, su Direcci\u00f3n fue entregada a los Hermanos del Sagrado Coraz\u00f3n, quienes permanecieron hasta fines de 1987.<\/p>\n<p style=\"text-align: justify;\">A partir de 1987 el Centro Cristiano se hace cargo de la Direcci\u00f3n de Administraci\u00f3n del Instituto,nombrando un Delegado\u00a0que los represente y vele por el cumplimiento de los principios fundacionales.<\/p>\n<div>\n<p style=\"text-align: justify;\">El IAC es un establecimiento emblem\u00e1tico del Valle de Aconcagua, que ha tenido una oferta de educaci\u00f3n cat\u00f3lica de excelencia, y de cuyas aulas han salido connotados hombres de nuestra naci\u00f3n: sacerdotes, parlamentarios, profesionales, hombres de armas y empresarios de renombre.<\/p>\n<\/div>\n<\/div>\n<\/div>\n<p>[\/et_pb_text][\/et_pb_column][\/et_pb_row][\/et_pb_section]<\/p>\n","protected":false},"excerpt":{"rendered":"<p>Historia\u00a0 &nbsp; El Instituto\u00a0Abd\u00f3n Cifuentes\u00a0de San Felipe fue creado en 1910 por la Fundaci\u00f3n Centro Cristiano. En sus inicios se denomin\u00f3 \u201cInstituto Arturo Prat\u201d, siendo dirigido y administrado por los Hermanos de las Escuelas Cristianas hasta el a\u00f1o 1929. En 1930, el entonces Arzobispo de Santiago, Monse\u00f1or Mariano Casanova, nombr\u00f3 al presb\u00edtero don Alfredo Cifuentes [&hellip;]<\/p>\n","protected":false},"author":3,"featured_media":0,"parent":0,"menu_order":0,"comment_status":"closed","ping_status":"closed","template":"","meta":{"_et_pb_use_builder":"on","_et_pb_old_content":"<!-- wp:divi\/placeholder \/-->","_et_gb_content_width":"","ngg_post_thumbnail":0,"footnotes":""},"class_list":["post-386","page","type-page","status-publish","hentry"],"_links":{"self":[{"href":"https:\/\/www.colegioiac.cl\/index.php?rest_route=\/wp\/v2\/pages\/386","targetHints":{"allow":["GET"]}}],"collection":[{"href":"https:\/\/www.colegioiac.cl\/index.php?rest_route=\/wp\/v2\/pages"}],"about":[{"href":"https:\/\/www.colegioiac.cl\/index.php?rest_route=\/wp\/v2\/types\/page"}],"author":[{"embeddable":true,"href":"https:\/\/www.colegioiac.cl\/index.php?rest_route=\/wp\/v2\/users\/3"}],"replies":[{"embeddable":true,"href":"https:\/\/www.colegioiac.cl\/index.php?rest_route=%2Fwp%2Fv2%2Fcomments&post=386"}],"version-history":[{"count":19,"href":"https:\/\/www.colegioiac.cl\/index.php?rest_route=\/wp\/v2\/pages\/386\/revisions"}],"predecessor-version":[{"id":28668,"href":"https:\/\/www.colegioiac.cl\/index.php?rest_route=\/wp\/v2\/pages\/386\/revisions\/28668"}],"wp:attachment":[{"href":"https:\/\/www.colegioiac.cl\/index.php?rest_route=%2Fwp%2Fv2%2Fmedia&parent=386"}],"curies":[{"name":"wp","href":"https:\/\/api.w.org\/{rel}","templated":true}]}}