{"id":391,"date":"2024-08-21T04:21:22","date_gmt":"2024-08-21T04:21:22","guid":{"rendered":"https:\/\/crealo.cl\/?page_id=391"},"modified":"2025-03-26T10:40:56","modified_gmt":"2025-03-26T14:40:56","slug":"ideario-educacional","status":"publish","type":"page","link":"https:\/\/www.colegioiac.cl\/?page_id=391","title":{"rendered":"Ideario Educacional"},"content":{"rendered":"<p>[et_pb_section fb_built=\u00bb1&#8243; _builder_version=\u00bb4.27.0&#8243; _module_preset=\u00bbdefault\u00bb background_color=\u00bb#2d406a\u00bb bottom_divider_style=\u00bbarrow\u00bb bottom_divider_color=\u00bb#FFFFFF\u00bb bottom_divider_height=\u00bb92px\u00bb global_colors_info=\u00bb{}\u00bb][et_pb_row _builder_version=\u00bb4.27.0&#8243; _module_preset=\u00bbdefault\u00bb global_colors_info=\u00bb{}\u00bb][et_pb_column type=\u00bb4_4&#8243; _builder_version=\u00bb4.27.0&#8243; _module_preset=\u00bbdefault\u00bb global_colors_info=\u00bb{}\u00bb][et_pb_text _builder_version=\u00bb4.27.4&#8243; _module_preset=\u00bbdefault\u00bb text_font=\u00bbLato||||||||\u00bb text_text_color=\u00bb#FFFFFF\u00bb text_font_size=\u00bb18px\u00bb header_font=\u00bbRaleway|700||on|||||\u00bb header_text_color=\u00bb#FFFFFF\u00bb text_orientation=\u00bbjustified\u00bb hover_enabled=\u00bb0&#8243; header_text_shadow_style=\u00bbpreset1&#8243; global_colors_info=\u00bb{}\u00bb sticky_enabled=\u00bb0&#8243;]<\/p>\n<div class=\"post-heading page\">\n<h1>Ideario Educacional<\/h1>\n<\/div>\n<div class=\"post-entry\">\n<p><img loading=\"lazy\" decoding=\"async\" class=\"alignright wp-image-431 size-full\" title=\"Ideario Educacional\" src=\"https:\/\/www.colegioiac.cl\/wp-content\/uploads\/2012\/03\/Ideario-Educacional.png\" alt=\"\" width=\"204\" height=\"300\" \/><\/p>\n<p><span class=\"dropcap\"><\/span><\/p>\n<p><span class=\"dropcap\">E<\/span>n tributo a la celebraci\u00f3n del centenario de vida del colegio, sus autoridades han decidido reafirmar el\u00a0<strong>Id<\/strong><strong>eario<\/strong><span>\u00a0<\/span><strong>Educacional<\/strong>\u00a0y los rasgos que definen su identidad, con el fin de reiterar a la comunidad institucional y local su fidelidad al compromiso educativo asumido por el colegio en su origen y a la vez guiar el quehacer de toda la organizaci\u00f3n para responder a los nuevos desaf\u00edos que impone una sociedad compleja y en permanente evoluci\u00f3n como la actual.<\/p>\n<p>El Ideario establece el referente educacional permanente del Instituto o marco doctrinal. En \u00e9l se definen el punto de partida de la acci\u00f3n educadora, esto es, los principios filos\u00f3ficos que la inspiran y fundamentan, la pedagog\u00eda o camino para acompa\u00f1ar y conducir al educando hacia determinadas metas y las estructuras de participaci\u00f3n de los agentes educativos para dar cumplimiento a la tarea formativa.<\/p>\n<\/div>\n<p>[\/et_pb_text][\/et_pb_column][\/et_pb_row][et_pb_row _builder_version=\u00bb4.27.0&#8243; _module_preset=\u00bbdefault\u00bb global_colors_info=\u00bb{}\u00bb][et_pb_column type=\u00bb4_4&#8243; _builder_version=\u00bb4.27.0&#8243; _module_preset=\u00bbdefault\u00bb global_colors_info=\u00bb{}\u00bb][et_pb_button button_url=\u00bbhttps:\/\/www.colegioiac.cl\/wp-content\/uploads\/2016\/12\/ideario_iac.pdf\u00bb button_text=\u00bbDescargar Ideario Educacional\u00bb button_alignment=\u00bbcenter\u00bb _builder_version=\u00bb4.27.4&#8243; _module_preset=\u00bbdefault\u00bb custom_button=\u00bbon\u00bb button_text_color=\u00bb#FFFFFF\u00bb button_bg_color=\u00bb#858587&#8243; button_border_width=\u00bb0px\u00bb button_border_radius=\u00bb20px\u00bb button_letter_spacing=\u00bb2px\u00bb button_font=\u00bbRaleway||||||||\u00bb background_layout=\u00bbdark\u00bb filter_hue_rotate=\u00bb359deg\u00bb scroll_scaling_enable=\u00bbon\u00bb hover_enabled=\u00bb0&#8243; global_colors_info=\u00bb{}\u00bb sticky_enabled=\u00bb0&#8243;][\/et_pb_button][\/et_pb_column][\/et_pb_row][\/et_pb_section]<\/p>\n","protected":false},"excerpt":{"rendered":"<p>Ideario Educacional En tributo a la celebraci\u00f3n del centenario de vida del colegio, sus autoridades han decidido reafirmar el\u00a0Ideario\u00a0Educacional\u00a0y los rasgos que definen su identidad, con el fin de reiterar a la comunidad institucional y local su fidelidad al compromiso educativo asumido por el colegio en su origen y a la vez guiar el quehacer [&hellip;]<\/p>\n","protected":false},"author":3,"featured_media":0,"parent":0,"menu_order":0,"comment_status":"closed","ping_status":"closed","template":"","meta":{"_et_pb_use_builder":"on","_et_pb_old_content":"<!-- wp:divi\/placeholder \/-->","_et_gb_content_width":"","ngg_post_thumbnail":0,"footnotes":""},"class_list":["post-391","page","type-page","status-publish","hentry"],"_links":{"self":[{"href":"https:\/\/www.colegioiac.cl\/index.php?rest_route=\/wp\/v2\/pages\/391","targetHints":{"allow":["GET"]}}],"collection":[{"href":"https:\/\/www.colegioiac.cl\/index.php?rest_route=\/wp\/v2\/pages"}],"about":[{"href":"https:\/\/www.colegioiac.cl\/index.php?rest_route=\/wp\/v2\/types\/page"}],"author":[{"embeddable":true,"href":"https:\/\/www.colegioiac.cl\/index.php?rest_route=\/wp\/v2\/users\/3"}],"replies":[{"embeddable":true,"href":"https:\/\/www.colegioiac.cl\/index.php?rest_route=%2Fwp%2Fv2%2Fcomments&post=391"}],"version-history":[{"count":14,"href":"https:\/\/www.colegioiac.cl\/index.php?rest_route=\/wp\/v2\/pages\/391\/revisions"}],"predecessor-version":[{"id":28673,"href":"https:\/\/www.colegioiac.cl\/index.php?rest_route=\/wp\/v2\/pages\/391\/revisions\/28673"}],"wp:attachment":[{"href":"https:\/\/www.colegioiac.cl\/index.php?rest_route=%2Fwp%2Fv2%2Fmedia&parent=391"}],"curies":[{"name":"wp","href":"https:\/\/api.w.org\/{rel}","templated":true}]}}