{"id":399,"date":"2024-08-21T04:20:33","date_gmt":"2024-08-21T04:20:33","guid":{"rendered":"https:\/\/crealo.cl\/?page_id=399"},"modified":"2025-03-26T11:47:03","modified_gmt":"2025-03-26T15:47:03","slug":"insignia","status":"publish","type":"page","link":"https:\/\/www.colegioiac.cl\/?page_id=399","title":{"rendered":"Insignia"},"content":{"rendered":"<p>[et_pb_section fb_built=\u00bb1&#8243; _builder_version=\u00bb4.27.0&#8243; _module_preset=\u00bbdefault\u00bb background_color=\u00bb#2d406a\u00bb bottom_divider_style=\u00bbarrow\u00bb bottom_divider_color=\u00bb#FFFFFF\u00bb bottom_divider_height=\u00bb92px\u00bb global_colors_info=\u00bb{}\u00bb][et_pb_row _builder_version=\u00bb4.27.0&#8243; _module_preset=\u00bbdefault\u00bb custom_margin=\u00bb||20px||false|false\u00bb global_colors_info=\u00bb{}\u00bb][et_pb_column type=\u00bb4_4&#8243; _builder_version=\u00bb4.27.0&#8243; _module_preset=\u00bbdefault\u00bb global_colors_info=\u00bb{}\u00bb][et_pb_text _builder_version=\u00bb4.27.4&#8243; _module_preset=\u00bbdefault\u00bb text_font=\u00bbLato||||||||\u00bb text_text_color=\u00bb#FFFFFF\u00bb text_font_size=\u00bb18px\u00bb header_font=\u00bbRaleway|700||on|||||\u00bb header_text_color=\u00bb#FFFFFF\u00bb hover_enabled=\u00bb0&#8243; header_text_shadow_style=\u00bbpreset1&#8243; global_colors_info=\u00bb{}\u00bb sticky_enabled=\u00bb0&#8243;]<\/p>\n<div class=\"post-heading fullwidth\">\n<h1 style=\"text-align: justify;\">Insignia<\/h1>\n<p>&nbsp;<\/p>\n<p style=\"text-align: justify;\"><span class=\"dropcap\" style=\"font-size: 19px; text-align: justify;\">E<\/span><span style=\"font-size: 19px; text-align: justify;\">l escudo es la ascendencia que nos distingue con una tradici\u00f3n, que mantiene latente un recuerdo y un lema. El derecho de usarlo pertenece a los continuadores de la estirpe, para orgullo y ejemplo de sus iguales y como medio de mantener viva la llama que diera origen al IAC. Fue creado aproximadamente en 1975, por el hermano Ren\u00e9 Fontaine de la Congregaci\u00f3n de los Hermanos del Sagrado Coraz\u00f3n.<\/span><\/p>\n<p style=\"text-align: justify;\"><span style=\"font-size: 19px; text-align: justify;\"><\/span><\/p>\n<\/div>\n<div class=\"post-entry\">\n<p style=\"text-align: justify;\"><strong>La Forma: <\/strong>Nuestro escudo tiene la particularidad de ser un tri\u00e1ngulo curvil\u00edneo, redondeado, con punta en la parte inferior, ensanchado hacia la parte superior. Esta forma es propia del escudo ingl\u00e9s. Representa a la Sant\u00edsima Trinidad y a la silueta del Sagrado Coraz\u00f3n.<\/p>\n<p style=\"text-align: justify;\"><strong>El Color Plata: <\/strong>Simboliza integridad, pureza, obediencia, firmeza, vigilancia, elocuencia y vencimiento. Tambi\u00e9n simboliza la luna y el agua. De los bienes materiales, el ahorro; de las virtudes cardinales, la caridad; de las cualidades de la inocencia, la humildad y la templanza; de las pr\u00e1cticas sociales, el desprendimiento de los atributos del cargo, el amparo y el vencer sin hacer ostentaci\u00f3n de ello. Quienes tengan este color en su escudo se comprometen a defender a los desamparados.<br \/>\n<img loading=\"lazy\" decoding=\"async\" class=\"alignright wp-image-56 size-full\" title=\"INSIGNIA\" src=\"https:\/\/www.colegioiac.cl\/wp-content\/uploads\/2025\/03\/Insignia-HD.png\" alt=\"\" width=\"145\" height=\"174\" \/><\/p>\n<p style=\"text-align: justify;\"><strong><br \/>\nInsignia Instituto Abd\u00f3n Cifuentes<\/strong><\/p>\n<p style=\"text-align: justify;\"><strong>El Color Azul: <\/strong>Simboliza la majestuosidad, la serenidad, la lealtad, el acero, la hermosura, la pureza, la justicia, la perseverancia, la nobleza en el proceder, y quienes lo llevan deben ayudar a los que sirven fielmente a Dios y a la Patria.<\/p>\n<p style=\"text-align: justify;\"><strong>La Corona: <\/strong>En la parte superior, coronando nuestro escudo, se encuentra el nombre de nuestro gu\u00eda y modelo de hombre cat\u00f3lico, de alto intelecto y pleno de virtudes: Abd\u00f3n Cifuentes.<\/p>\n<p style=\"text-align: justify;\"><strong>El Aconcagua: <\/strong>Su figura, bella expresi\u00f3n de nuestra cordillera nevada por la majestuosidad de su forma, milagrosamente perfecta, y por la imponencia de su c\u00faspide brav\u00eda, representa la leyenda, el arcano tel\u00farico, el de la historia nunca aprendida. Es el lazo que une y ata a naciones hermanas, marcando pac\u00edficamente sus fronteras. En actitud de ofrenda a la divinidad de sensaci\u00f3n de la naturaleza prodiga, que dispensa sus dones a esta tierra, simbolizando as\u00ed la vida, sus afanes, su indivisibilidad y su venturoso porvenir.<\/p>\n<p style=\"text-align: justify;\"><strong>La Antorcha: <\/strong>El madero simboliza la lanza de los caballeros, es el emblema de la luz de la verdad y del mundo, que gu\u00eda el saber, el entendimiento, la inteligencia y la sabidur\u00eda. Es la consigna traspasada de generaci\u00f3n en generaci\u00f3n, manteniendo viva la tradici\u00f3n de la familia IAC. Las llamas representan la voluntad, la fuerza de superaci\u00f3n, el amor de Dios y a la Patria, el deseo de adquirir gloria, de ejecutar acciones maravillosas, a combatir con ardor y fe como soldados de Cristo. Llama que siempre estar\u00e1 encendida en todo ser institutano.<\/p>\n<p style=\"text-align: justify;\"><strong>El Libro: <\/strong>Significa estudio, sabidur\u00eda, cultura, inteligencia y superaci\u00f3n, y va colocado en la base del escudo, en \u00e9l reside el entendimiento que da la palabra escrita y atesora la tradici\u00f3n.<\/p>\n<\/div>\n<p>[\/et_pb_text][\/et_pb_column][\/et_pb_row][\/et_pb_section]<\/p>\n","protected":false},"excerpt":{"rendered":"<p>Insignia &nbsp; El escudo es la ascendencia que nos distingue con una tradici\u00f3n, que mantiene latente un recuerdo y un lema. El derecho de usarlo pertenece a los continuadores de la estirpe, para orgullo y ejemplo de sus iguales y como medio de mantener viva la llama que diera origen al IAC. Fue creado aproximadamente [&hellip;]<\/p>\n","protected":false},"author":3,"featured_media":0,"parent":0,"menu_order":0,"comment_status":"closed","ping_status":"closed","template":"","meta":{"_et_pb_use_builder":"on","_et_pb_old_content":"<!-- wp:divi\/placeholder \/-->","_et_gb_content_width":"","ngg_post_thumbnail":0,"footnotes":""},"class_list":["post-399","page","type-page","status-publish","hentry"],"_links":{"self":[{"href":"https:\/\/www.colegioiac.cl\/index.php?rest_route=\/wp\/v2\/pages\/399","targetHints":{"allow":["GET"]}}],"collection":[{"href":"https:\/\/www.colegioiac.cl\/index.php?rest_route=\/wp\/v2\/pages"}],"about":[{"href":"https:\/\/www.colegioiac.cl\/index.php?rest_route=\/wp\/v2\/types\/page"}],"author":[{"embeddable":true,"href":"https:\/\/www.colegioiac.cl\/index.php?rest_route=\/wp\/v2\/users\/3"}],"replies":[{"embeddable":true,"href":"https:\/\/www.colegioiac.cl\/index.php?rest_route=%2Fwp%2Fv2%2Fcomments&post=399"}],"version-history":[{"count":14,"href":"https:\/\/www.colegioiac.cl\/index.php?rest_route=\/wp\/v2\/pages\/399\/revisions"}],"predecessor-version":[{"id":28691,"href":"https:\/\/www.colegioiac.cl\/index.php?rest_route=\/wp\/v2\/pages\/399\/revisions\/28691"}],"wp:attachment":[{"href":"https:\/\/www.colegioiac.cl\/index.php?rest_route=%2Fwp%2Fv2%2Fmedia&parent=399"}],"curies":[{"name":"wp","href":"https:\/\/api.w.org\/{rel}","templated":true}]}}