{"id":401,"date":"2024-08-21T04:20:20","date_gmt":"2024-08-21T04:20:20","guid":{"rendered":"https:\/\/crealo.cl\/?page_id=401"},"modified":"2025-03-26T10:37:43","modified_gmt":"2025-03-26T14:37:43","slug":"simbolo-institutano","status":"publish","type":"page","link":"https:\/\/www.colegioiac.cl\/?page_id=401","title":{"rendered":"Himno"},"content":{"rendered":"<p>[et_pb_section fb_built=\u00bb1&#8243; _builder_version=\u00bb4.27.0&#8243; _module_preset=\u00bbdefault\u00bb background_color=\u00bb#2d406a\u00bb bottom_divider_style=\u00bbarrow\u00bb bottom_divider_color=\u00bb#FFFFFF\u00bb bottom_divider_height=\u00bb92px\u00bb global_colors_info=\u00bb{}\u00bb][et_pb_row _builder_version=\u00bb4.27.0&#8243; _module_preset=\u00bbdefault\u00bb global_colors_info=\u00bb{}\u00bb][et_pb_column type=\u00bb4_4&#8243; _builder_version=\u00bb4.27.0&#8243; _module_preset=\u00bbdefault\u00bb global_colors_info=\u00bb{}\u00bb][et_pb_text _builder_version=\u00bb4.27.0&#8243; _module_preset=\u00bbdefault\u00bb text_font=\u00bbLato||||||||\u00bb text_text_color=\u00bb#FFFFFF\u00bb text_font_size=\u00bb18px\u00bb header_font=\u00bbRaleway|700||on|||||\u00bb header_text_color=\u00bb#FFFFFF\u00bb header_text_shadow_style=\u00bbpreset1&#8243; global_colors_info=\u00bb{}\u00bb]<\/p>\n<div class=\"post-heading page\">\n<h1 style=\"text-align: center;\">Himno del Colegio<\/h1>\n<\/div>\n<div class=\"post-entry\">\n<p style=\"text-align: center;\">\n<p style=\"text-align: center;\">\n<p style=\"text-align: center;\">\n<p style=\"text-align: center;\">Canci\u00f3n del amanecer, visi\u00f3n de paz, de fe y amor,<br \/>el sol la senda alumbra, se abrir\u00e1 de azul la flor.<\/p>\n<p style=\"text-align: center;\">Cu\u00e1n suaves son tus brisas, primavera,<br \/>camino del colegio, puerto alegre, puerto azul.<br \/>El alma va cantando ma\u00f1anera,<br \/>el himno con que vibra nuestra alegre juventud.<\/p>\n<p style=\"text-align: center;\">\u00a1Oh, casa del saber, oh, luz de amanecer!<br \/>El alma va cantando los ensue\u00f1os de mi ni\u00f1ez.<br \/>\u00a1Oh, casa del saber, oh, luz de amanecer!<br \/>El alma va cantando los ensue\u00f1os de mi ni\u00f1ez.<\/p>\n<p style=\"text-align: center;\">I.A.C., I.A., puerto de ensue\u00f1o, viejo Instituto,<br \/>s\u00e9 flor y fruto de amor y fe, de amor y fe,<br \/>puerto de ensue\u00f1o, viejo Instituto,<br \/>s\u00e9 flor y fruto de amor y fe.<\/p>\n<\/div>\n<p>[\/et_pb_text][\/et_pb_column][\/et_pb_row][et_pb_row _builder_version=\u00bb4.27.0&#8243; _module_preset=\u00bbdefault\u00bb background_color=\u00bb#2d406a\u00bb custom_margin=\u00bb||30px||false|false\u00bb custom_padding=\u00bb||||false|false\u00bb global_colors_info=\u00bb{}\u00bb][et_pb_column type=\u00bb4_4&#8243; _builder_version=\u00bb4.27.0&#8243; _module_preset=\u00bbdefault\u00bb global_colors_info=\u00bb{}\u00bb][et_pb_audio audio=\u00bbhttps:\/\/www.colegioiac.cl\/wp-content\/uploads\/2012\/02\/Himno-IAC-2013-track-1.mp3&#8243; title=\u00bbHimno\u00bb admin_label=\u00bbHimno\u00bb _builder_version=\u00bb4.27.4&#8243; _module_preset=\u00bbdefault\u00bb background_color=\u00bbRGBA(255,255,255,0)\u00bb hover_enabled=\u00bb0&#8243; global_colors_info=\u00bb{}\u00bb sticky_enabled=\u00bb0&#8243;][\/et_pb_audio][\/et_pb_column][\/et_pb_row][\/et_pb_section]<\/p>\n","protected":false},"excerpt":{"rendered":"<p>Himno del Colegio Canci\u00f3n del amanecer, visi\u00f3n de paz, de fe y amor,el sol la senda alumbra, se abrir\u00e1 de azul la flor. Cu\u00e1n suaves son tus brisas, primavera,camino del colegio, puerto alegre, puerto azul.El alma va cantando ma\u00f1anera,el himno con que vibra nuestra alegre juventud. \u00a1Oh, casa del saber, oh, luz de amanecer!El alma [&hellip;]<\/p>\n","protected":false},"author":3,"featured_media":0,"parent":0,"menu_order":0,"comment_status":"closed","ping_status":"closed","template":"","meta":{"_et_pb_use_builder":"on","_et_pb_old_content":"<!-- wp:divi\/placeholder \/-->","_et_gb_content_width":"","ngg_post_thumbnail":0,"footnotes":""},"class_list":["post-401","page","type-page","status-publish","hentry"],"_links":{"self":[{"href":"https:\/\/www.colegioiac.cl\/index.php?rest_route=\/wp\/v2\/pages\/401","targetHints":{"allow":["GET"]}}],"collection":[{"href":"https:\/\/www.colegioiac.cl\/index.php?rest_route=\/wp\/v2\/pages"}],"about":[{"href":"https:\/\/www.colegioiac.cl\/index.php?rest_route=\/wp\/v2\/types\/page"}],"author":[{"embeddable":true,"href":"https:\/\/www.colegioiac.cl\/index.php?rest_route=\/wp\/v2\/users\/3"}],"replies":[{"embeddable":true,"href":"https:\/\/www.colegioiac.cl\/index.php?rest_route=%2Fwp%2Fv2%2Fcomments&post=401"}],"version-history":[{"count":16,"href":"https:\/\/www.colegioiac.cl\/index.php?rest_route=\/wp\/v2\/pages\/401\/revisions"}],"predecessor-version":[{"id":28671,"href":"https:\/\/www.colegioiac.cl\/index.php?rest_route=\/wp\/v2\/pages\/401\/revisions\/28671"}],"wp:attachment":[{"href":"https:\/\/www.colegioiac.cl\/index.php?rest_route=%2Fwp%2Fv2%2Fmedia&parent=401"}],"curies":[{"name":"wp","href":"https:\/\/api.w.org\/{rel}","templated":true}]}}