{"id":417,"date":"2024-08-21T04:17:53","date_gmt":"2024-08-21T04:17:53","guid":{"rendered":"https:\/\/crealo.cl\/?page_id=417"},"modified":"2025-04-02T09:03:49","modified_gmt":"2025-04-02T13:03:49","slug":"formando-en-virtudes","status":"publish","type":"page","link":"https:\/\/www.colegioiac.cl\/?page_id=417","title":{"rendered":"Formando en Virtudes"},"content":{"rendered":"<p>[et_pb_section fb_built=\u00bb1&#8243; _builder_version=\u00bb4.27.0&#8243; _module_preset=\u00bbdefault\u00bb background_color=\u00bb#2d406a\u00bb top_divider_style=\u00bbclouds2&#8243; top_divider_color=\u00bb#FFFFFF\u00bb bottom_divider_style=\u00bbmountains2&#8243; bottom_divider_color=\u00bb#FFFFFF\u00bb bottom_divider_height=\u00bb88px\u00bb global_colors_info=\u00bb{}\u00bb][et_pb_row _builder_version=\u00bb4.27.4&#8243; _module_preset=\u00bbdefault\u00bb custom_margin=\u00bb60px||40px||false|false\u00bb custom_padding=\u00bb||||false|false\u00bb global_colors_info=\u00bb{}\u00bb][et_pb_column type=\u00bb4_4&#8243; _builder_version=\u00bb4.27.0&#8243; _module_preset=\u00bbdefault\u00bb global_colors_info=\u00bb{}\u00bb][et_pb_text _builder_version=\u00bb4.27.4&#8243; _module_preset=\u00bbdefault\u00bb text_font=\u00bbLato||||||||\u00bb text_font_size=\u00bb17px\u00bb header_font=\u00bbRaleway|700||on|||||\u00bb header_text_align=\u00bbcenter\u00bb background_layout=\u00bbdark\u00bb min_height=\u00bb31.6px\u00bb link_option_url=\u00bbhttps:\/\/www.colegioiac.cl\/wp-content\/uploads\/2025\/04\/Documento-oficial-PLAN-DE-FORMACIO\u0301N-IAC-u\u0301ltima-revisio\u0301n-Septiembre-2013.pdf\u00bb header_text_shadow_style=\u00bbpreset1&#8243; global_colors_info=\u00bb{}\u00bb]<\/p>\n<div class=\"post-heading fullwidth\">\n<h1>PLAN GLOBAL DE FORMACI\u00d3N EN<br \/>VALORES Y VIRTUDES IAC<\/h1>\n<p><strong><\/strong><\/p>\n<p><span style=\"font-size: 17px;\"> <img loading=\"lazy\" decoding=\"async\" src=\"https:\/\/www.colegioiac.cl\/wp-content\/uploads\/2025\/04\/logotipo_formacio\u0301n_01-removebg-preview-242x300.png\" width=\"242\" height=\"300\" alt=\"\" class=\"wp-image-30232 aligncenter size-medium\" srcset=\"https:\/\/www.colegioiac.cl\/wp-content\/uploads\/2025\/04\/logotipo_formacio\u0301n_01-removebg-preview-242x300.png 242w, https:\/\/www.colegioiac.cl\/wp-content\/uploads\/2025\/04\/logotipo_formacio\u0301n_01-removebg-preview.png 449w\" sizes=\"(max-width: 242px) 100vw, 242px\" \/><\/span><\/p>\n<div class=\"post-entry\">\n<p>La educaci\u00f3n integral comprende la promoci\u00f3n de h\u00e1bitos, m\u00e1s tarde virtudes, que lleven a los hijos a comportarse bien, por s\u00ed solos y en cualquier circunstancia. En un sentido m\u00e1s pleno y m\u00e1s profundo, es posible afirmar que las virtudes van configurando la personalidad del que las cultiva.<\/p>\n<p>(Usal, Manuel\/Ugarte, Carlos \u00abEducar en virtudes\u00bb, Ed. Palabra S.S. 2007).<\/p>\n<\/div>\n<\/div>\n<p>[\/et_pb_text][et_pb_button button_url=\u00bbhttps:\/\/www.colegioiac.cl\/wp-content\/uploads\/2025\/04\/Documento-oficial-PLAN-DE-FORMACIO\u0301N-IAC-u\u0301ltima-revisio\u0301n-Septiembre-2013.pdf\u00bb button_text=\u00bbPLAN GLOBAL DE FORMACI\u00d3N EN VALORES Y VIRTUDES IAC\u00bb _builder_version=\u00bb4.27.4&#8243; _module_preset=\u00bbdefault\u00bb hover_enabled=\u00bb0&#8243; global_colors_info=\u00bb{}\u00bb box_shadow_style=\u00bbpreset1&#8243; url_new_window=\u00bbon\u00bb sticky_enabled=\u00bb0&#8243;][\/et_pb_button][\/et_pb_column][\/et_pb_row][\/et_pb_section]<\/p>\n","protected":false},"excerpt":{"rendered":"<p>PLAN GLOBAL DE FORMACI\u00d3N ENVALORES Y VIRTUDES IAC La educaci\u00f3n integral comprende la promoci\u00f3n de h\u00e1bitos, m\u00e1s tarde virtudes, que lleven a los hijos a comportarse bien, por s\u00ed solos y en cualquier circunstancia. En un sentido m\u00e1s pleno y m\u00e1s profundo, es posible afirmar que las virtudes van configurando la personalidad del que las [&hellip;]<\/p>\n","protected":false},"author":3,"featured_media":0,"parent":0,"menu_order":0,"comment_status":"closed","ping_status":"closed","template":"","meta":{"_et_pb_use_builder":"on","_et_pb_old_content":"<!-- wp:divi\/placeholder \/-->","_et_gb_content_width":"","ngg_post_thumbnail":0,"footnotes":""},"class_list":["post-417","page","type-page","status-publish","hentry"],"_links":{"self":[{"href":"https:\/\/www.colegioiac.cl\/index.php?rest_route=\/wp\/v2\/pages\/417","targetHints":{"allow":["GET"]}}],"collection":[{"href":"https:\/\/www.colegioiac.cl\/index.php?rest_route=\/wp\/v2\/pages"}],"about":[{"href":"https:\/\/www.colegioiac.cl\/index.php?rest_route=\/wp\/v2\/types\/page"}],"author":[{"embeddable":true,"href":"https:\/\/www.colegioiac.cl\/index.php?rest_route=\/wp\/v2\/users\/3"}],"replies":[{"embeddable":true,"href":"https:\/\/www.colegioiac.cl\/index.php?rest_route=%2Fwp%2Fv2%2Fcomments&post=417"}],"version-history":[{"count":18,"href":"https:\/\/www.colegioiac.cl\/index.php?rest_route=\/wp\/v2\/pages\/417\/revisions"}],"predecessor-version":[{"id":30234,"href":"https:\/\/www.colegioiac.cl\/index.php?rest_route=\/wp\/v2\/pages\/417\/revisions\/30234"}],"wp:attachment":[{"href":"https:\/\/www.colegioiac.cl\/index.php?rest_route=%2Fwp%2Fv2%2Fmedia&parent=417"}],"curies":[{"name":"wp","href":"https:\/\/api.w.org\/{rel}","templated":true}]}}