{"id":428,"date":"2024-08-21T04:15:33","date_gmt":"2024-08-21T04:15:33","guid":{"rendered":"https:\/\/crealo.cl\/?page_id=428"},"modified":"2025-03-26T10:58:31","modified_gmt":"2025-03-26T14:58:31","slug":"convivencia-digital-y-control-parental","status":"publish","type":"page","link":"https:\/\/www.colegioiac.cl\/?page_id=428","title":{"rendered":"Convivencia Digital y Control Parental"},"content":{"rendered":"<p>[et_pb_section fb_built=\u00bb1&#8243; _builder_version=\u00bb4.27.0&#8243; _module_preset=\u00bbdefault\u00bb background_color=\u00bb#2d406a\u00bb custom_margin=\u00bb||||false|false\u00bb custom_padding=\u00bb||||false|false\u00bb top_divider_style=\u00bbclouds2&#8243; top_divider_color=\u00bb#FFFFFF\u00bb global_colors_info=\u00bb{}\u00bb][et_pb_row _builder_version=\u00bb4.27.0&#8243; _module_preset=\u00bbdefault\u00bb width=\u00bb78.7%\u00bb custom_margin=\u00bb80px||||false|false\u00bb custom_padding=\u00bb0px|||||\u00bb global_colors_info=\u00bb{}\u00bb][et_pb_column type=\u00bb4_4&#8243; _builder_version=\u00bb4.27.0&#8243; _module_preset=\u00bbdefault\u00bb global_colors_info=\u00bb{}\u00bb][et_pb_text _builder_version=\u00bb4.27.4&#8243; _module_preset=\u00bbdefault\u00bb text_font=\u00bbLato||||||||\u00bb text_text_color=\u00bb#FFFFFF\u00bb text_font_size=\u00bb18px\u00bb header_font=\u00bbRaleway|700||on|||||\u00bb header_text_color=\u00bb#FFFFFF\u00bb text_orientation=\u00bbcenter\u00bb width=\u00bb100%\u00bb hover_enabled=\u00bb0&#8243; header_text_shadow_style=\u00bbpreset1&#8243; global_colors_info=\u00bb{}\u00bb sticky_enabled=\u00bb0&#8243;]<\/p>\n<h1><strong>Convivencia Digital y Control Parental<\/strong><\/h1>\n<p><strong><\/strong><\/p>\n<p><strong><\/strong><\/p>\n<div class=\"post-heading fullwidth\">\n<h1><\/h1>\n<\/div>\n<div class=\"post-entry\">\n<p><img loading=\"lazy\" decoding=\"async\" class=\"aligncenter wp-image-15699\" src=\"https:\/\/www.colegioiac.cl\/wp-content\/uploads\/2020\/03\/Convivencia-digital.jpg\" alt=\"\" width=\"600\" height=\"314\" srcset=\"https:\/\/www.colegioiac.cl\/wp-content\/uploads\/2020\/03\/Convivencia-digital.jpg 1063w, https:\/\/www.colegioiac.cl\/wp-content\/uploads\/2020\/03\/Convivencia-digital-300x157.jpg 300w, https:\/\/www.colegioiac.cl\/wp-content\/uploads\/2020\/03\/Convivencia-digital-768x402.jpg 768w, https:\/\/www.colegioiac.cl\/wp-content\/uploads\/2020\/03\/Convivencia-digital-1024x537.jpg 1024w\" sizes=\"(max-width: 600px) 100vw, 600px\" \/><\/p>\n<p>La incorporaci\u00f3n de la tecnolog\u00eda como herramienta para el aprendizaje por medio de actividades que promuevan la convivencia digital y el autocuidado en internet se transforma en un desaf\u00edo fundamental para nuestros tiempos. La democratizaci\u00f3n al acceso a internet y el uso de redes sociales a trav\u00e9s de smartphone ha generado que el ciberespacio tambi\u00e9n se haya constituido como un lugar de convivencia, esta vez digital.<strong>\u00a0<\/strong><\/p>\n<p>La fundaci\u00f3n para la convivencia digital nos entrega de manera permanente recursos para trabajar a nivel familiar y escolar.<strong>\u00a0<\/strong><\/p>\n<p>Compartimos con ustedes parte de este material, el que se ir\u00e1 actualizando de manera permanente y el que puede servir de apoyo a los padres, ni\u00f1os y j\u00f3venes.<strong>\u00a0<\/strong><\/p>\n<p>\u201c<strong><em>Aprender a convivir en el mundo digital es uno de los desaf\u00edos relevantes\u2026Por lo tanto, plantearse el uso de las tecnolog\u00edas como una oportunidad de crecimiento personal es clave para que los escolares puedan desenvolverse en el mundo virtual como ciudadanos digitales\u201d<span>\u00a0<\/span><\/em><\/strong>(Fundaci\u00f3n para la convivencia digital)<\/p>\n<p><a href=\"https:\/\/www.colegioiac.cl\/wp-content\/uploads\/2020\/03\/Familia-Canales-Youtube.pdf_001.jpg\"><img loading=\"lazy\" decoding=\"async\" class=\"aligncenter wp-image-15700 size-full\" src=\"https:\/\/www.colegioiac.cl\/wp-content\/uploads\/2020\/03\/Familia-Canales-Youtube.pdf_001.jpg\" alt=\"\" width=\"612\" height=\"792\" srcset=\"https:\/\/www.colegioiac.cl\/wp-content\/uploads\/2020\/03\/Familia-Canales-Youtube.pdf_001.jpg 612w, https:\/\/www.colegioiac.cl\/wp-content\/uploads\/2020\/03\/Familia-Canales-Youtube.pdf_001-232x300.jpg 232w\" sizes=\"(max-width: 612px) 100vw, 612px\" \/><img loading=\"lazy\" decoding=\"async\" src=\"https:\/\/www.colegioiac.cl\/wp-content\/uploads\/2024\/08\/primer-celular-portada.jpg\" width=\"745\" height=\"971\" alt=\"\" class=\"wp-image-636 alignnone size-full\" srcset=\"https:\/\/www.colegioiac.cl\/wp-content\/uploads\/2024\/08\/primer-celular-portada.jpg 745w, https:\/\/www.colegioiac.cl\/wp-content\/uploads\/2024\/08\/primer-celular-portada-480x626.jpg 480w\" sizes=\"(min-width: 0px) and (max-width: 480px) 480px, (min-width: 481px) 745px, 100vw\" \/><\/a><\/p>\n<\/div>\n<p>Dados los riesgos a los que est\u00e1n sometidos nuestros alumnos en Internet, los padres cada vez se preguntan \u00bfqu\u00e9 es lo que podemos hacer para reducirlos o tenerlos bajo control? Lo primero que tenemos que tener claro, es que las soluciones perfectas no existen, pero tampoco podemos cerrar los ojos y mirar hacia otra parte esperando que no suceda nada.<\/p>\n<p>Vuestros hijos navegan accediendo a foros, chats, art\u00edculos, videos, redes sociales y en todos los casos querremos limitar los contenidos a los que acceden, las b\u00fasquedas que realizan, las personas con las que se relacionan y la informaci\u00f3n que dan sobre ellos mismos o sobre las personas cercanas en ciberespacio de la internet.<\/p>\n<p>No solo la privacidad y seguridad de nuestros alumnos pueden estar en riesgo si dicen lo que no deben, sino tambi\u00e9n la del resto de la familia.<\/p>\n<p>Cuando hablamos de<span>\u00a0<\/span><em><strong>control parental<\/strong><\/em><span>\u00a0<\/span>nos referimos a las herramientas o aplicaciones que nos permiten bloquear o limitar el acceso a determinados contenidos en Internet y vigilar las actividades que se realizan en los ordenadores que emplean nuestros alumnos.[\/et_pb_text][\/et_pb_column][\/et_pb_row][\/et_pb_section][et_pb_section fb_built=\u00bb1&#8243; _builder_version=\u00bb4.27.0&#8243; _module_preset=\u00bbdefault\u00bb background_color=\u00bb#2d406a\u00bb custom_margin=\u00bb-35px||-35px||true|false\u00bb custom_padding=\u00bb0px||0px||true|false\u00bb global_colors_info=\u00bb{}\u00bb][et_pb_row _builder_version=\u00bb4.27.0&#8243; _module_preset=\u00bbdefault\u00bb global_colors_info=\u00bb{}\u00bb][et_pb_column type=\u00bb4_4&#8243; _builder_version=\u00bb4.27.0&#8243; _module_preset=\u00bbdefault\u00bb global_colors_info=\u00bb{}\u00bb][et_pb_text _builder_version=\u00bb4.27.0&#8243; _module_preset=\u00bbdefault\u00bb text_font=\u00bbLato||||||||\u00bb text_font_size=\u00bb18px\u00bb header_font=\u00bbTimes New Roman||||||||\u00bb header_text_color=\u00bb#FFFFFF\u00bb header_font_size=\u00bb31px\u00bb header_4_font=\u00bbRaleway||||||||\u00bb header_4_font_size=\u00bb30px\u00bb text_orientation=\u00bbjustified\u00bb background_layout=\u00bbdark\u00bb global_colors_info=\u00bb{}\u00bb]<\/p>\n<h4>Vigile el Uso que le den a su PC e Internet<\/h4>\n<p>&nbsp;<\/p>\n<p><strong>Salfeld Child Control<\/strong><span>\u00a0<\/span>te permite limitar el uso que se hace de un PC, tanto en cuesti\u00f3n de determinadas aplicaciones como en horarios, adem\u00e1s de limitar y vigilar la conexi\u00f3n a Internet.<\/p>\n<p>El programa dispone de una interfaz dividida en secciones, desde la que puedes seleccionar los usuarios que tendr\u00e1n acceso al PC, establecer un horario de activaci\u00f3n del PC y de conexi\u00f3n a Internet, limitar ciertas operaciones de sistema (Registro de Windows, Panel de Control y dem\u00e1s), crear una lista de palabras prohibidas para evitar el acceso a sitios web que las contengan, bloquear el acceso a determinadas carpetas o la ejecuci\u00f3n de ciertas aplicaciones, etc.<\/p>\n<p>Child Control guarda adem\u00e1s un detallado log con todas las actividades de los usuarios, que te puede enviar directamente por correo electr\u00f3nico si as\u00ed lo configuras. El programa se ejecuta en segundo plano permaneciendo invisible para los usuarios, y est\u00e1 tambi\u00e9n protegido mediante contrase\u00f1a.<\/p>\n<p><strong><a href=\"http:\/\/salfeld.com\/software\/parentalcontrol\/index.html\" target=\"_blank\" rel=\"noopener noreferrer\">Visita el HomePage del producto aqu\u00ed<\/a><\/strong><\/p>\n<p>A continuaci\u00f3n, se mostrar\u00e1n dos<span>\u00a0<\/span><strong>videos tutoriales<\/strong>\u00a0d\u00f3nde se explica<span>\u00a0<\/span><em><strong>\u201ccomo configurar el filtro de b\u00fasqueda\u201d<\/strong><\/em><span>\u00a0<\/span>con que cuenta el sitio de Google, uno de los m\u00e1s usado a nivel mundial y por nuestros alumnos, y<span>\u00a0<\/span><em><strong>\u201ccomo revisar el historial de nuestros navegadores\u201d<\/strong><\/em>, sitios que visitan en un ordenador.<\/p>\n<p>[\/et_pb_text][et_pb_video src=\u00bbhttps:\/\/youtu.be\/2yvUpwi6Uw4&#8243; _builder_version=\u00bb4.27.0&#8243; _module_preset=\u00bbdefault\u00bb global_colors_info=\u00bb{}\u00bb][\/et_pb_video][\/et_pb_column][\/et_pb_row][\/et_pb_section][et_pb_section fb_built=\u00bb1&#8243; _builder_version=\u00bb4.27.0&#8243; _module_preset=\u00bbdefault\u00bb background_color=\u00bb#2d406a\u00bb bottom_divider_style=\u00bbramp2&#8243; bottom_divider_color=\u00bb#FFFFFF\u00bb global_colors_info=\u00bb{}\u00bb][et_pb_row _builder_version=\u00bb4.27.0&#8243; _module_preset=\u00bbdefault\u00bb custom_margin=\u00bb||30px||false|false\u00bb global_colors_info=\u00bb{}\u00bb][et_pb_column type=\u00bb4_4&#8243; _builder_version=\u00bb4.27.0&#8243; _module_preset=\u00bbdefault\u00bb global_colors_info=\u00bb{}\u00bb][et_pb_video src=\u00bbhttps:\/\/youtu.be\/s4UG8sUUQFE\u00bb _builder_version=\u00bb4.27.0&#8243; _module_preset=\u00bbdefault\u00bb global_colors_info=\u00bb{}\u00bb][\/et_pb_video][\/et_pb_column][\/et_pb_row][\/et_pb_section]<\/p>\n","protected":false},"excerpt":{"rendered":"<p>Convivencia Digital y Control Parental La incorporaci\u00f3n de la tecnolog\u00eda como herramienta para el aprendizaje por medio de actividades que promuevan la convivencia digital y el autocuidado en internet se transforma en un desaf\u00edo fundamental para nuestros tiempos. La democratizaci\u00f3n al acceso a internet y el uso de redes sociales a trav\u00e9s de smartphone ha [&hellip;]<\/p>\n","protected":false},"author":3,"featured_media":0,"parent":0,"menu_order":0,"comment_status":"closed","ping_status":"closed","template":"","meta":{"_et_pb_use_builder":"on","_et_pb_old_content":"<!-- wp:divi\/placeholder \/-->","_et_gb_content_width":"","ngg_post_thumbnail":0,"footnotes":""},"class_list":["post-428","page","type-page","status-publish","hentry"],"_links":{"self":[{"href":"https:\/\/www.colegioiac.cl\/index.php?rest_route=\/wp\/v2\/pages\/428","targetHints":{"allow":["GET"]}}],"collection":[{"href":"https:\/\/www.colegioiac.cl\/index.php?rest_route=\/wp\/v2\/pages"}],"about":[{"href":"https:\/\/www.colegioiac.cl\/index.php?rest_route=\/wp\/v2\/types\/page"}],"author":[{"embeddable":true,"href":"https:\/\/www.colegioiac.cl\/index.php?rest_route=\/wp\/v2\/users\/3"}],"replies":[{"embeddable":true,"href":"https:\/\/www.colegioiac.cl\/index.php?rest_route=%2Fwp%2Fv2%2Fcomments&post=428"}],"version-history":[{"count":15,"href":"https:\/\/www.colegioiac.cl\/index.php?rest_route=\/wp\/v2\/pages\/428\/revisions"}],"predecessor-version":[{"id":28682,"href":"https:\/\/www.colegioiac.cl\/index.php?rest_route=\/wp\/v2\/pages\/428\/revisions\/28682"}],"wp:attachment":[{"href":"https:\/\/www.colegioiac.cl\/index.php?rest_route=%2Fwp%2Fv2%2Fmedia&parent=428"}],"curies":[{"name":"wp","href":"https:\/\/api.w.org\/{rel}","templated":true}]}}