{"id":506,"date":"2024-08-21T04:24:09","date_gmt":"2024-08-21T04:24:09","guid":{"rendered":"https:\/\/crealo.cl\/?page_id=506"},"modified":"2025-04-14T11:40:51","modified_gmt":"2025-04-14T15:40:51","slug":"centro-de-alumnos","status":"publish","type":"page","link":"https:\/\/www.colegioiac.cl\/?page_id=506","title":{"rendered":"Centro de Alumnos"},"content":{"rendered":"<p>[et_pb_section fb_built=\u00bb1&#8243; _builder_version=\u00bb4.27.0&#8243; _module_preset=\u00bbdefault\u00bb background_color=\u00bb#2d406a\u00bb bottom_divider_style=\u00bbarrow\u00bb bottom_divider_color=\u00bb#FFFFFF\u00bb bottom_divider_height=\u00bb92px\u00bb global_colors_info=\u00bb{}\u00bb][et_pb_row _builder_version=\u00bb4.27.4&#8243; _module_preset=\u00bbdefault\u00bb global_colors_info=\u00bb{}\u00bb][et_pb_column type=\u00bb4_4&#8243; _builder_version=\u00bb4.27.4&#8243; _module_preset=\u00bbdefault\u00bb global_colors_info=\u00bb{}\u00bb][et_pb_text _builder_version=\u00bb4.27.4&#8243; _module_preset=\u00bbdefault\u00bb global_colors_info=\u00bb{}\u00bb]<\/p>\n<h2 style=\"text-align: center;\"><span style=\"color: #ffffff;\">CENTRO DE ALUMNOS INSTIUTO ABD\u00d3N CIFUENTES (CAIAC) 2025<\/span><\/h2>\n<p>[\/et_pb_text][\/et_pb_column][\/et_pb_row][et_pb_row _builder_version=\u00bb4.27.0&#8243; _module_preset=\u00bbdefault\u00bb custom_margin=\u00bb||20px||false|false\u00bb custom_margin_tablet=\u00bb||20px||false|false\u00bb custom_margin_phone=\u00bb||20px||false|false\u00bb custom_margin_last_edited=\u00bbon|phone\u00bb global_colors_info=\u00bb{}\u00bb][et_pb_column type=\u00bb4_4&#8243; _builder_version=\u00bb4.27.0&#8243; _module_preset=\u00bbdefault\u00bb global_colors_info=\u00bb{}\u00bb][et_pb_blurb image=\u00bbhttps:\/\/www.colegioiac.cl\/wp-content\/uploads\/2025\/04\/IMG_0501-scaled.jpg\u00bb _builder_version=\u00bb4.27.4&#8243; _module_preset=\u00bbdefault\u00bb hover_enabled=\u00bb0&#8243; global_colors_info=\u00bb{}\u00bb title_text=\u00bbIMG_0501&#8243; sticky_enabled=\u00bb0&#8243;]<\/p>\n<p>De izquierda a Derecha &#8230;<\/p>\n<p>[\/et_pb_blurb][et_pb_toggle title=\u00bbCAIAC 2024&#8243; _builder_version=\u00bb4.27.4&#8243; _module_preset=\u00bbdefault\u00bb global_colors_info=\u00bb{}\u00bb]<\/p>\n<p><strong>CAIAC 2024<\/strong><\/p>\n<p><em>\u201cComo presidente del CAIAC 2024, ha sido un honor haber tenido la gran e importante responsabilidad de representar a todos los y las estudiantes y trabajar en conjunto para mejorar nuestro colegio. Durante nuestra gesti\u00f3n, buscamos fortalecer la participaci\u00f3n estudiantil, promover iniciativas que beneficien a nuestra comunidad y dejar una huella positiva en nuestra instituci\u00f3n.<\/em><\/p>\n<p><em>Agradezco profundamente a quienes confiaron en nuestro equipo y apoyaron nuestras ideas. Espero que el legado de este CAIAC sirva como base para los futuros Centros de Alumnos y que sigamos construyendo un Instituto donde la voz de los estudiantes siempre sea escuchada.\u201d<\/em><\/p>\n<p style=\"text-align: right;\"><strong>Gabriel Reyes Le\u00f3n<\/strong><\/p>\n<p style=\"text-align: right;\"><strong>Presidente del CAIAC 2024<\/strong><\/p>\n<p><iframe loading=\"lazy\" src=\"https:\/\/www.colegioiac.cl\/wp-content\/uploads\/2025\/03\/Cuenta_CAIAC_24-corregida.pdf\" height=\"1000px\" width=\"1000%\"><\/iframe><\/p>\n<p>[\/et_pb_toggle][et_pb_toggle title=\u00bbCAIAC 2023&#8243; _builder_version=\u00bb4.27.4&#8243; _module_preset=\u00bbdefault\u00bb global_colors_info=\u00bb{}\u00bb]<\/p>\n<div class=\"post-heading page\">\n<h1>CAIAC 2023<\/h1>\n<p>&nbsp;<\/p>\n<\/div>\n<div class=\"post-entry\">\n<p>Queridos Institutanos, por este medio queremos persistir en nuestro principal objetivo, estar al total y completo servicio de ustedes, generar cauces de participaci\u00f3n para que en conjunto lleguemos a la consecuci\u00f3n del bien com\u00fan, escucharlos de manera respetuosa siempre y cuando lo requieren, sepan que sus deseos son nuestros deseos, confiamos en que trabajaremos siempre en conjunto con ustedes, no olvidemos que el Instituto somos todos y lo hacemos entre todos.<\/p>\n<p><strong>Ignacio Pizarro C.<br \/>\n<\/strong><strong>Presidente CAIAC 2023<\/strong><\/p>\n<p><img loading=\"lazy\" decoding=\"async\" src=\"https:\/\/www.colegioiac.cl\/wp-content\/uploads\/2023\/10\/Foto-oficial-CAIAC-2023-2DO-SEMESTRE.jpg\" width=\"902\" height=\"558\" alt=\"\" class=\"wp-image-21663 aligncenter size-full\" \/><\/p>\n<p>Cargos en orden:<br \/>\nFila sup. de izq. a der.: Ricardo Cort\u00e9s, Profesor Asesor, Mart\u00edn Soto, Ministro de Exterior, Mario Soza, Ministro de Deportes, Ignacio Pizarro, Presidente, Juan Jos\u00e9 Aravena, Ministro de Cultura, Benjam\u00edn Rojas, Vicepresidente, Gabriel Reyes, Secretario<br \/>\nFila inf. de izq. a der.: Tonka Basic, Vocera, Victoria Pizarro, Tesorera, Trinidad Soto, Ministra de Publicidad, Martina Torres, Ministra de B\u00e1sica, Florencia Acu\u00f1a, Ministra de Pastoral, Florencia Soto, Ministra de Medio Ambiente, Florencia Castro, Ministra de Bienestar Estudiantil.<\/p>\n<p>&nbsp;<br \/>\n<iframe loading=\"lazy\" src=\"https:\/\/www.colegioiac.cl\/wp-content\/uploads\/2024\/08\/DISCURSO-CAMBIO-DE-MANDO.pdf\" height=\"1000px\" width=\"1000%\"><\/iframe><\/p>\n<\/div>\n<p>[\/et_pb_toggle][\/et_pb_column][\/et_pb_row][\/et_pb_section][et_pb_section fb_built=\u00bb1&#8243; _builder_version=\u00bb4.27.4&#8243; _module_preset=\u00bbdefault\u00bb global_colors_info=\u00bb{}\u00bb][\/et_pb_section]<\/p>\n","protected":false},"excerpt":{"rendered":"<p>CENTRO DE ALUMNOS INSTIUTO ABD\u00d3N CIFUENTES (CAIAC) 2025De izquierda a Derecha &#8230;CAIAC 2024 \u201cComo presidente del CAIAC 2024, ha sido un honor haber tenido la gran e importante responsabilidad de representar a todos los y las estudiantes y trabajar en conjunto para mejorar nuestro colegio. Durante nuestra gesti\u00f3n, buscamos fortalecer la participaci\u00f3n estudiantil, promover iniciativas [&hellip;]<\/p>\n","protected":false},"author":3,"featured_media":0,"parent":0,"menu_order":0,"comment_status":"closed","ping_status":"closed","template":"","meta":{"_et_pb_use_builder":"on","_et_pb_old_content":"","_et_gb_content_width":"","ngg_post_thumbnail":0,"footnotes":""},"class_list":["post-506","page","type-page","status-publish","hentry"],"_links":{"self":[{"href":"https:\/\/www.colegioiac.cl\/index.php?rest_route=\/wp\/v2\/pages\/506","targetHints":{"allow":["GET"]}}],"collection":[{"href":"https:\/\/www.colegioiac.cl\/index.php?rest_route=\/wp\/v2\/pages"}],"about":[{"href":"https:\/\/www.colegioiac.cl\/index.php?rest_route=\/wp\/v2\/types\/page"}],"author":[{"embeddable":true,"href":"https:\/\/www.colegioiac.cl\/index.php?rest_route=\/wp\/v2\/users\/3"}],"replies":[{"embeddable":true,"href":"https:\/\/www.colegioiac.cl\/index.php?rest_route=%2Fwp%2Fv2%2Fcomments&post=506"}],"version-history":[{"count":20,"href":"https:\/\/www.colegioiac.cl\/index.php?rest_route=\/wp\/v2\/pages\/506\/revisions"}],"predecessor-version":[{"id":30286,"href":"https:\/\/www.colegioiac.cl\/index.php?rest_route=\/wp\/v2\/pages\/506\/revisions\/30286"}],"wp:attachment":[{"href":"https:\/\/www.colegioiac.cl\/index.php?rest_route=%2Fwp%2Fv2%2Fmedia&parent=506"}],"curies":[{"name":"wp","href":"https:\/\/api.w.org\/{rel}","templated":true}]}}