{"id":514,"date":"2024-08-21T04:25:28","date_gmt":"2024-08-21T04:25:28","guid":{"rendered":"https:\/\/crealo.cl\/?page_id=514"},"modified":"2025-03-04T14:14:26","modified_gmt":"2025-03-04T18:14:26","slug":"centro-de-ex-alumnos","status":"publish","type":"page","link":"https:\/\/www.colegioiac.cl\/?page_id=514","title":{"rendered":"Centro de Ex-Alumnos"},"content":{"rendered":"<p>[et_pb_section fb_built=\u00bb1&#8243; _builder_version=\u00bb4.27.0&#8243; _module_preset=\u00bbdefault\u00bb background_color=\u00bb#2d406a\u00bb bottom_divider_style=\u00bbarrow\u00bb bottom_divider_color=\u00bb#FFFFFF\u00bb global_colors_info=\u00bb{}\u00bb][et_pb_row _builder_version=\u00bb4.27.0&#8243; _module_preset=\u00bbdefault\u00bb custom_margin=\u00bb||20px||false|false\u00bb global_colors_info=\u00bb{}\u00bb][et_pb_column type=\u00bb4_4&#8243; _builder_version=\u00bb4.27.0&#8243; _module_preset=\u00bbdefault\u00bb global_colors_info=\u00bb{}\u00bb][et_pb_text _builder_version=\u00bb4.27.0&#8243; _module_preset=\u00bbdefault\u00bb text_font=\u00bbLato||||||||\u00bb text_font_size=\u00bb18px\u00bb header_font=\u00bbRaleway|700||on|||||\u00bb text_orientation=\u00bbjustified\u00bb background_layout=\u00bbdark\u00bb hover_enabled=\u00bb0&#8243; global_colors_info=\u00bb{}\u00bb header_text_shadow_style=\u00bbpreset1&#8243; sticky_enabled=\u00bb0&#8243;]<\/p>\n<div class=\"post-heading page\">\n<h1>Centro de Ex-Alumnos IAC<\/h1>\n<\/div>\n<div class=\"post-entry\">\n<p>&nbsp;<\/p>\n<p>Estimados Institutanos.<\/p>\n<p>Tras la organizaci\u00f3n del almuerzo de despedida a Luchito en Octubre 2011, y recordando el \u00e1nimo de todos los presentes de revivir y mantener vivo el esp\u00edritu institutano, se constituy\u00f3 una mesa de reinicio para nuestro<span>\u00a0<\/span><strong>CENTRO DE EX ALUMNOS IAC<\/strong>, del cual s\u00f3lo existe un registro hist\u00f3rico hasta el a\u00f1o 1988 aproximadamente, pero que por casi 25 a\u00f1os no funcion\u00f3.<\/p>\n<h3>Los principales objetivos de esta directiva son:<\/h3>\n<p>1.- Organizar el encuentro anual de ex alumnos para el S\u00e1bado 20 de Octubre a 2012 ( fecha tentativa inicial ). Adem\u00e1s de lo anterior, junto al Colegio establecer su realizaci\u00f3n anual.<\/p>\n<p>2.- Construir y administar una base de datos de todos los ex alumnos del colegio ( tanto egresados, como ex alumnos \u201cintermedios\u201d pero que son tan Institutanos como todos ). Esta base de datos s\u00f3lo podr\u00e1 ser utilizada por la mesa y por el colegio, para fines de contacto y difusi\u00f3n de temas comunes a todos como ex alumnos IAC. En ning\u00fan caso, podr\u00e1 ser utilizada con fines pol\u00edticos o comerciales por ejemplo.<\/p>\n<p>3.- Permitir al colegio y su direcci\u00f3n, tener un interlocutor para temas de inter\u00e9s com\u00fan con todos los ex alumnos IAC (reconocimientos por a\u00f1os de egreso, realizar eventuales charlas de profesionales ex alumnos, la re-grabaci\u00f3n del Himno IAC que ya se est\u00e1 trabajando, etc.)<\/p>\n<p>4.- Crear, administrar y mantener, sistemas tecnol\u00f3gicos permanentes de comunicaci\u00f3n del Centro de Ex Alumnos con todos los ex alumnos ( p\u00e1gina web, Facebook, mail, etc. ).<\/p>\n<p>5.- Iniciar el proceso de elaboraci\u00f3n de estatutos, y ligado a ello, forma de elecci\u00f3n de futuras directivas.<\/p>\n<h3>Esta primera mesa, est\u00e1 constituida por:<\/h3>\n<p>&nbsp;<\/p>\n<ul class=\"arrowlist\">\n<li><strong>MARIO EDUARDO LEIVA FUENTES, PRESIDENTE<\/strong><\/li>\n<li><strong>MAURICIO ALEJANDRO DONOSO ELICES, VICEPRESIDENTE<\/strong><\/li>\n<li><strong>RUBEN ALONSO GARRIDO TORO, TESORERO<\/strong><\/li>\n<li><strong>ANDRES IGNACIO BORQUEZ LLANOS, SECRETARIO<\/strong><\/li>\n<\/ul>\n<p>Contamos con todos Uds. es mucho lo que podemos hacer por nuestro IAC, nuestra ciudad, nuestras familias, y por nosotros mismos al recordar parte de nuestra infancia y juventud. \u00a0Sabemos que cometeremos errores, pero confiamos en su comprensi\u00f3n y apoyo para contar con sus ideas, observaciones, sugerencias y tambi\u00e9n cr\u00edticas. Por ahora, les pedimos que nos escriban a<span>\u00a0<\/span><a href=\"mailto:centro.ex.alumnos.iac@gmail.com\" target=\"_blank\" rel=\"noopener\"><strong>centro.ex.alumnos.iac@gmail.com<\/strong><\/a>, que ser\u00e1 el buz\u00f3n permanente de comunicaci\u00f3n.<\/p>\n<p>Un abrazo a todos,<\/p>\n<h5>\u00a0DIRECTIVA CENTRO DE EX ALUMNOS IAC<\/h5>\n<\/div>\n<p>[\/et_pb_text][\/et_pb_column][\/et_pb_row][\/et_pb_section]<\/p>\n","protected":false},"excerpt":{"rendered":"<p>Centro de Ex-Alumnos IAC &nbsp; Estimados Institutanos. Tras la organizaci\u00f3n del almuerzo de despedida a Luchito en Octubre 2011, y recordando el \u00e1nimo de todos los presentes de revivir y mantener vivo el esp\u00edritu institutano, se constituy\u00f3 una mesa de reinicio para nuestro\u00a0CENTRO DE EX ALUMNOS IAC, del cual s\u00f3lo existe un registro hist\u00f3rico hasta [&hellip;]<\/p>\n","protected":false},"author":3,"featured_media":0,"parent":0,"menu_order":0,"comment_status":"closed","ping_status":"closed","template":"","meta":{"_et_pb_use_builder":"on","_et_pb_old_content":"","_et_gb_content_width":"","ngg_post_thumbnail":0,"footnotes":""},"class_list":["post-514","page","type-page","status-publish","hentry"],"_links":{"self":[{"href":"https:\/\/www.colegioiac.cl\/index.php?rest_route=\/wp\/v2\/pages\/514","targetHints":{"allow":["GET"]}}],"collection":[{"href":"https:\/\/www.colegioiac.cl\/index.php?rest_route=\/wp\/v2\/pages"}],"about":[{"href":"https:\/\/www.colegioiac.cl\/index.php?rest_route=\/wp\/v2\/types\/page"}],"author":[{"embeddable":true,"href":"https:\/\/www.colegioiac.cl\/index.php?rest_route=\/wp\/v2\/users\/3"}],"replies":[{"embeddable":true,"href":"https:\/\/www.colegioiac.cl\/index.php?rest_route=%2Fwp%2Fv2%2Fcomments&post=514"}],"version-history":[{"count":14,"href":"https:\/\/www.colegioiac.cl\/index.php?rest_route=\/wp\/v2\/pages\/514\/revisions"}],"predecessor-version":[{"id":28235,"href":"https:\/\/www.colegioiac.cl\/index.php?rest_route=\/wp\/v2\/pages\/514\/revisions\/28235"}],"wp:attachment":[{"href":"https:\/\/www.colegioiac.cl\/index.php?rest_route=%2Fwp%2Fv2%2Fmedia&parent=514"}],"curies":[{"name":"wp","href":"https:\/\/api.w.org\/{rel}","templated":true}]}}